{"id":483,"date":"2023-03-20T22:15:27","date_gmt":"2023-03-20T21:15:27","guid":{"rendered":"http:\/\/cfeda.com\/paradis\/?page_id=483"},"modified":"2023-03-27T16:19:10","modified_gmt":"2023-03-27T14:19:10","slug":"beaute-du-regard","status":"publish","type":"page","link":"https:\/\/cfeda.com\/paradis\/beaute-du-regard\/","title":{"rendered":"Beaut\u00e9 du regard"},"content":{"rendered":"<p>[vc_row full_width=\u00a0\u00bbstretch_row\u00a0\u00bb content_placement=\u00a0\u00bbmiddle\u00a0\u00bb parallax=\u00a0\u00bbcontent-moving\u00a0\u00bb parallax_image=\u00a0\u00bb23&Prime; css=\u00a0\u00bb.vc_custom_1678870930746{background-position: 0 0;background-repeat:-repeat;}\u00a0\u00bb][vc_column width=\u00a0\u00bb1\/2&Prime;][vc_column_text]<\/p>\n<h2 style=\"text-align: center;\"><span style=\"color: #e85418;\">Quelle est la diff\u00e9rence entre un brow lift et un r\u00e9haussement?<\/span><\/h2>\n<p style=\"text-align: center;\">Le Browlift est fondamentalement un rehaussement des sourcils, car il leur donne une forme d\u00e9finie et uniforme pendant une p\u00e9riode de temps prolong\u00e9e.<\/p>\n<p style=\"text-align: center;\">Au lieu de boucler comme en rehaussement de cils, il aide les poils \u00e0 rester bross\u00e9s et relev\u00e9s pendant environ six semaines.<\/p>\n<p>[\/vc_column_text][\/vc_column][vc_column width=\u00a0\u00bb1\/2&Prime;][vc_single_image image=\u00a0\u00bb486&Prime; img_size=\u00a0\u00bbfull\u00a0\u00bb][\/vc_column][\/vc_row][vc_row full_width=\u00a0\u00bbstretch_row\u00a0\u00bb css=\u00a0\u00bb.vc_custom_1679233637926{background-image: url(http:\/\/cfeda.com\/paradis\/wp-content\/uploads\/2023\/03\/Sans-titre.jpg?id=364) !important;}\u00a0\u00bb][vc_column width=\u00a0\u00bb1\/2&Prime;]<div class=\"list_item lists_1 clearfix\"><div class=\"list_left list_image\"><img loading=\"lazy\" decoding=\"async\" src=\"https:\/\/cfeda.com\/paradis\/wp-content\/uploads\/2023\/03\/photo-site-web-banniere-26.png\" class=\"scale-with-grid\" alt=\"photo site web banniere (26)\" width=\"600\" height=\"400\"\/><\/div><div class=\"list_right\"><h4 class=\"title\">La teinture des clis ou sourcils<\/h4><div class=\"desc\">Pour avoir des sourcils ou des cils toujours nickel et donner de l&rsquo;intensit\u00e9 \u00e0 son regard, pourquoi ne pas opter pour la coloration ?<\/div><\/div><\/div>\n<div class=\"pricing-box  pricing-box-box\"><div class=\"plan-header\"><div class=\"price\"><sup class=\"currency\"><\/sup><span>15 \u20ac<\/span><sup class=\"period\"><\/sup><\/div><hr class=\"hr_color\" \/><\/div><div class=\"plan-inside\"><span class=\"pi-content\">30 min<\/span><\/div><\/div>\n[\/vc_column][vc_column width=\u00a0\u00bb1\/2&Prime;]<div class=\"list_item lists_1 clearfix\"><div class=\"list_left list_image\"><img loading=\"lazy\" decoding=\"async\" src=\"https:\/\/cfeda.com\/paradis\/wp-content\/uploads\/2023\/03\/photo-site-web-banniere-26.png\" class=\"scale-with-grid\" alt=\"photo site web banniere (26)\" width=\"600\" height=\"400\"\/><\/div><div class=\"list_right\"><h4 class=\"title\">Le brow lift<\/h4><div class=\"desc\">La m\u00e9thode consiste \u00e0 \u00e9paissir et rehausser les sourcils, tout en fixant leur mouvement. On travaille les poils pour qu&rsquo;ils deviennent plus facile \u00e0 coiffer.<\/div><\/div><\/div>\n<div class=\"pricing-box  pricing-box-box\"><div class=\"plan-header\"><div class=\"price\"><sup class=\"currency\"><\/sup><span>50 \u20ac<\/span><sup class=\"period\"><\/sup><\/div><hr class=\"hr_color\" \/><\/div><div class=\"plan-inside\"><span class=\"pi-content\">60 min<\/span><\/div><\/div>\n[\/vc_column][\/vc_row][vc_row full_width=\u00a0\u00bbstretch_row\u00a0\u00bb css=\u00a0\u00bb.vc_custom_1679348459091{background-image: url(http:\/\/cfeda.com\/paradis\/wp-content\/uploads\/2023\/03\/4.jpg?id=362) !important;background-position: center !important;background-repeat: no-repeat !important;background-size: cover !important;}\u00a0\u00bb][vc_column width=\u00a0\u00bb1\/2&Prime;]<div class=\"list_item lists_1 clearfix\"><div class=\"list_left list_image\"><img loading=\"lazy\" decoding=\"async\" src=\"https:\/\/cfeda.com\/paradis\/wp-content\/uploads\/2023\/03\/photo-site-web-banniere-26.png\" class=\"scale-with-grid\" alt=\"photo site web banniere (26)\" width=\"600\" height=\"400\"\/><\/div><div class=\"list_right\"><h4 class=\"title\">L'extension de sourcils<\/h4><div class=\"desc\">Vous avez les sourcils clairsem\u00e9s ou simplement envie de les \u00e9paissir ? Comment faire pour redessiner ses sourcils ? En optant pour l\u2019extension de sourcils ! Cette technique est id\u00e9ale pour les garnir et redessiner le visage.<\/div><\/div><\/div>\n<div class=\"pricing-box  pricing-box-box\"><div class=\"plan-header\"><div class=\"price\"><sup class=\"currency\"><\/sup><span>60 \u20ac<\/span><sup class=\"period\"><\/sup><\/div><hr class=\"hr_color\" \/><\/div><div class=\"plan-inside\"><span class=\"pi-content\">60 min<\/span><\/div><\/div>\n[\/vc_column][vc_column width=\u00a0\u00bb1\/2&Prime;]<div class=\"list_item lists_1 clearfix\"><div class=\"list_left list_image\"><img loading=\"lazy\" decoding=\"async\" src=\"https:\/\/cfeda.com\/paradis\/wp-content\/uploads\/2023\/03\/photo-site-web-banniere-26.png\" class=\"scale-with-grid\" alt=\"photo site web banniere (26)\" width=\"600\" height=\"400\"\/><\/div><div class=\"list_right\"><h4 class=\"title\">Le r\u00e9haussement de cils<\/h4><div class=\"desc\">Le rehaussement des cils permet d&rsquo;allonger et de recourber les cils. Cette technique permet d&rsquo;obtenir un r\u00e9sultat sublime et naturel sans fragiliser vos cils. Vos cils sont plus recourb\u00e9s et votre regard sublim\u00e9.<\/div><\/div><\/div>\n<div class=\"pricing-box  pricing-box-box\"><div class=\"plan-header\"><div class=\"price\"><sup class=\"currency\"><\/sup><span>50 \u20ac<\/span><sup class=\"period\"><\/sup><\/div><hr class=\"hr_color\" \/><\/div><div class=\"plan-inside\"><span class=\"pi-content\">60 min<\/span><\/div><\/div>\n[\/vc_column][\/vc_row]<\/p>\n","protected":false},"excerpt":{"rendered":"<p>[vc_row full_width=\u00a0\u00bbstretch_row\u00a0\u00bb content_placement=\u00a0\u00bbmiddle\u00a0\u00bb parallax=\u00a0\u00bbcontent-moving\u00a0\u00bb parallax_image=\u00a0\u00bb23&Prime; css=\u00a0\u00bb.vc_custom_1678870930746{background-position: 0 0;background-repeat:-repeat;}\u00a0\u00bb][vc_column width=\u00a0\u00bb1\/2&Prime;][vc_column_text] Quelle est la diff\u00e9rence entre un brow lift et un r\u00e9haussement? Le Browlift est fondamentalement un rehaussement<span class=\"excerpt-hellip\"> [\u2026]<\/span><\/p>\n","protected":false},"author":1,"featured_media":0,"parent":0,"menu_order":0,"comment_status":"closed","ping_status":"closed","template":"","meta":{"footnotes":""},"class_list":["post-483","page","type-page","status-publish","hentry"],"_links":{"self":[{"href":"https:\/\/cfeda.com\/paradis\/wp-json\/wp\/v2\/pages\/483","targetHints":{"allow":["GET"]}}],"collection":[{"href":"https:\/\/cfeda.com\/paradis\/wp-json\/wp\/v2\/pages"}],"about":[{"href":"https:\/\/cfeda.com\/paradis\/wp-json\/wp\/v2\/types\/page"}],"author":[{"embeddable":true,"href":"https:\/\/cfeda.com\/paradis\/wp-json\/wp\/v2\/users\/1"}],"replies":[{"embeddable":true,"href":"https:\/\/cfeda.com\/paradis\/wp-json\/wp\/v2\/comments?post=483"}],"version-history":[{"count":5,"href":"https:\/\/cfeda.com\/paradis\/wp-json\/wp\/v2\/pages\/483\/revisions"}],"predecessor-version":[{"id":585,"href":"https:\/\/cfeda.com\/paradis\/wp-json\/wp\/v2\/pages\/483\/revisions\/585"}],"wp:attachment":[{"href":"https:\/\/cfeda.com\/paradis\/wp-json\/wp\/v2\/media?parent=483"}],"curies":[{"name":"wp","href":"https:\/\/api.w.org\/{rel}","templated":true}]}}