{"id":478,"date":"2023-03-20T21:39:46","date_gmt":"2023-03-20T20:39:46","guid":{"rendered":"http:\/\/cfeda.com\/paradis\/?page_id=478"},"modified":"2023-03-22T21:08:51","modified_gmt":"2023-03-22T20:08:51","slug":"les-soins-du-corps","status":"publish","type":"page","link":"https:\/\/cfeda.com\/paradis\/les-soins-du-corps\/","title":{"rendered":"Les soins du corps"},"content":{"rendered":"<p>[vc_row full_width=\u00a0\u00bbstretch_row\u00a0\u00bb content_placement=\u00a0\u00bbmiddle\u00a0\u00bb parallax=\u00a0\u00bbcontent-moving\u00a0\u00bb parallax_image=\u00a0\u00bb23&Prime; css=\u00a0\u00bb.vc_custom_1679515724842{background-image: url(http:\/\/cfeda.com\/paradis\/wp-content\/uploads\/2023\/03\/2.png?id=499) !important;background-position: center;background-repeat: no-repeat !important;background-size: cover !important;}\u00a0\u00bb][vc_column width=\u00a0\u00bb1\/2&Prime;][vc_column_text]<\/p>\n<h2 style=\"text-align: center;\"><span style=\"color: #e85418;\">Quelle est la diff\u00e9rence entre le gommage et l&rsquo;enveloppement?<\/span><\/h2>\n<p style=\"text-align: center;\"><span style=\"color: #561900;\">Le gommage exfolie vos cellules mortes et relance la microcirculation. Il permet une meilleure absorption des substances actives contenues dans l&rsquo;enveloppement. <\/span><\/p>\n<p style=\"text-align: center;\"><span style=\"color: #561900;\">L&rsquo;enveloppement permet ainsi ne vasodilatation afin que les substances actives rentrent en profondeur. Cela vous assure douceur et une profonde hydratation.<\/span><\/p>\n<p>[\/vc_column_text][vc_row_inner][vc_column_inner][vc_btn title=\u00a0\u00bbPrendre RDV\u00a0\u00bb style=\u00a0\u00bbcustom\u00a0\u00bb custom_background=\u00a0\u00bb#e85418&Prime; custom_text=\u00a0\u00bb#ffffff\u00a0\u00bb align=\u00a0\u00bbcenter\u00a0\u00bb css_animation=\u00a0\u00bbappear\u00a0\u00bb button_block=\u00a0\u00bbtrue\u00a0\u00bb link=\u00a0\u00bburl:https%3A%2F%2Fwww.kalendes.com%2Fmaevaspa%2F%23%2Flink%2FPAGE%2FRESERVE\u00a0\u00bb][\/vc_column_inner][\/vc_row_inner][\/vc_column][vc_column width=\u00a0\u00bb1\/2&Prime;][vc_single_image image=\u00a0\u00bb397&Prime; img_size=\u00a0\u00bbfull\u00a0\u00bb][\/vc_column][\/vc_row][vc_row full_width=\u00a0\u00bbstretch_row\u00a0\u00bb css=\u00a0\u00bb.vc_custom_1679346600106{background-image: url(http:\/\/cfeda.com\/paradis\/wp-content\/uploads\/2023\/03\/Sans-titre.jpg?id=364) !important;background-position: center !important;background-repeat: no-repeat !important;background-size: cover !important;}\u00a0\u00bb][vc_column width=\u00a0\u00bb1\/2&Prime;]<div class=\"sliding_box\"><div class=\"photo_wrapper\"><img loading=\"lazy\" decoding=\"async\" class=\"scale-with-grid\" src=\"https:\/\/cfeda.com\/paradis\/wp-content\/uploads\/2023\/03\/photo-site-web-banniere-17-2.png\" alt=\"photo site web banniere (17)\" width=\"600\" height=\"400\"\/><\/div><div class=\"desc_wrapper\"><h4>Le gommage corps<\/h4><\/div><\/div>\n[vc_column_text]<\/p>\n<h3 class=\"entete_h3\">Faire un gommage consiste \u00e0 nettoyer sa peau avec un produit permettant d&rsquo;\u00e9liminer les cellules mortes accumul\u00e9es \u00e0 sa surface.<\/h3>\n<p>[\/vc_column_text]<div class=\"pricing-box  pricing-box-box\"><div class=\"plan-header\"><div class=\"price\"><sup class=\"currency\"><\/sup><span>41 \u20ac<\/span><sup class=\"period\"><\/sup><\/div><hr class=\"hr_color\" \/><\/div><div class=\"plan-inside\"><span class=\"pi-content\">30 min<\/span><\/div><\/div>\n[\/vc_column][vc_column width=\u00a0\u00bb1\/2&Prime;]<div class=\"sliding_box\"><div class=\"photo_wrapper\"><img loading=\"lazy\" decoding=\"async\" class=\"scale-with-grid\" src=\"https:\/\/cfeda.com\/paradis\/wp-content\/uploads\/2023\/03\/photo-site-web-banniere-16.png\" alt=\"photo site web banniere (16)\" width=\"600\" height=\"400\"\/><\/div><div class=\"desc_wrapper\"><h4>L'enveloppement corps<\/h4><\/div><\/div>\n[vc_column_text]<\/p>\n<h3 class=\"entete_h3\">L\u2019enveloppement corporel est une technique de soin qui consiste \u00e0 enduire le corps de m\u00e9langes de diff\u00e9rents produits aux vertus th\u00e9rapeutiques.<\/h3>\n<p>[\/vc_column_text]<div class=\"pricing-box  pricing-box-box\"><div class=\"plan-header\"><div class=\"price\"><sup class=\"currency\"><\/sup><span>30 \u20ac<\/span><sup class=\"period\"><\/sup><\/div><hr class=\"hr_color\" \/><\/div><div class=\"plan-inside\"><span class=\"pi-content\">30 min<\/span><\/div><\/div>\n[\/vc_column][\/vc_row]<\/p>\n","protected":false},"excerpt":{"rendered":"<p>[vc_row full_width=\u00a0\u00bbstretch_row\u00a0\u00bb content_placement=\u00a0\u00bbmiddle\u00a0\u00bb parallax=\u00a0\u00bbcontent-moving\u00a0\u00bb parallax_image=\u00a0\u00bb23&Prime; css=\u00a0\u00bb.vc_custom_1679515724842{background-image: url(http:\/\/cfeda.com\/paradis\/wp-content\/uploads\/2023\/03\/2.png?id=499) !important;background-position: center;background-repeat: no-repeat !important;background-size: cover !important;}\u00a0\u00bb][vc_column width=\u00a0\u00bb1\/2&Prime;][vc_column_text] Quelle est la diff\u00e9rence entre le gommage et l&rsquo;enveloppement? Le gommage exfolie<span class=\"excerpt-hellip\"> [\u2026]<\/span><\/p>\n","protected":false},"author":1,"featured_media":0,"parent":0,"menu_order":0,"comment_status":"closed","ping_status":"closed","template":"","meta":{"footnotes":""},"class_list":["post-478","page","type-page","status-publish","hentry"],"_links":{"self":[{"href":"https:\/\/cfeda.com\/paradis\/wp-json\/wp\/v2\/pages\/478","targetHints":{"allow":["GET"]}}],"collection":[{"href":"https:\/\/cfeda.com\/paradis\/wp-json\/wp\/v2\/pages"}],"about":[{"href":"https:\/\/cfeda.com\/paradis\/wp-json\/wp\/v2\/types\/page"}],"author":[{"embeddable":true,"href":"https:\/\/cfeda.com\/paradis\/wp-json\/wp\/v2\/users\/1"}],"replies":[{"embeddable":true,"href":"https:\/\/cfeda.com\/paradis\/wp-json\/wp\/v2\/comments?post=478"}],"version-history":[{"count":3,"href":"https:\/\/cfeda.com\/paradis\/wp-json\/wp\/v2\/pages\/478\/revisions"}],"predecessor-version":[{"id":576,"href":"https:\/\/cfeda.com\/paradis\/wp-json\/wp\/v2\/pages\/478\/revisions\/576"}],"wp:attachment":[{"href":"https:\/\/cfeda.com\/paradis\/wp-json\/wp\/v2\/media?parent=478"}],"curies":[{"name":"wp","href":"https:\/\/api.w.org\/{rel}","templated":true}]}}