{"id":218,"date":"2023-01-31T14:55:19","date_gmt":"2023-01-31T13:55:19","guid":{"rendered":"http:\/\/cfeda.com\/paradis\/?page_id=218"},"modified":"2023-04-24T22:01:19","modified_gmt":"2023-04-24T20:01:19","slug":"nos-prestations","status":"publish","type":"page","link":"https:\/\/cfeda.com\/paradis\/nos-prestations\/","title":{"rendered":"Nos prestations"},"content":{"rendered":"<p>[vc_row full_width=\u00a0\u00bbstretch_row\u00a0\u00bb css=\u00a0\u00bb.vc_custom_1678101935774{padding-top: 10% !important;padding-bottom: 10% !important;background-image: url(http:\/\/cfeda.com\/paradis\/wp-content\/uploads\/2023\/01\/Sans-titre.jpg?id=82) !important;background-position: center !important;background-repeat: no-repeat !important;background-size: cover !important;}\u00a0\u00bb][vc_column width=\u00a0\u00bb1\/6&Prime;]<div class=\"sliding_box\"><a href=\"http:\/\/cfeda.com\/paradis\/les-soins-du-visage\/\" ><div class=\"photo_wrapper\"><img loading=\"lazy\" decoding=\"async\" class=\"scale-with-grid\" src=\"https:\/\/cfeda.com\/paradis\/wp-content\/uploads\/2023\/03\/photo-site-web-banniere-10.png\" alt=\"photo site web banniere (10)\" width=\"600\" height=\"400\"\/><\/div><div class=\"desc_wrapper\"><h4>SOIN DU VISAGE<\/h4><\/div><\/a><\/div>\n[\/vc_column][vc_column width=\u00a0\u00bb1\/6&Prime;]<div class=\"sliding_box\"><a href=\"http:\/\/cfeda.com\/paradis\/les-modelages\/\" ><div class=\"photo_wrapper\"><img loading=\"lazy\" decoding=\"async\" class=\"scale-with-grid\" src=\"https:\/\/cfeda.com\/paradis\/wp-content\/uploads\/2023\/03\/photo-site-web-banniere-10-1.png\" alt=\"photo site web banniere (10)\" width=\"600\" height=\"400\"\/><\/div><div class=\"desc_wrapper\"><h4>MODELAGE DU MONDE<\/h4><\/div><\/a><\/div>\n[\/vc_column][vc_column width=\u00a0\u00bb1\/6&Prime;]<div class=\"sliding_box\"><a href=\"http:\/\/cfeda.com\/paradis\/les-rituels-et-cure\/\" ><div class=\"photo_wrapper\"><img loading=\"lazy\" decoding=\"async\" class=\"scale-with-grid\" src=\"https:\/\/cfeda.com\/paradis\/wp-content\/uploads\/2023\/03\/photo-site-web-banniere-11-1.png\" alt=\"photo site web banniere (11)\" width=\"600\" height=\"400\"\/><\/div><div class=\"desc_wrapper\"><h4>RITUELS SIGNATURE<\/h4><\/div><\/a><\/div>\n[\/vc_column][vc_column width=\u00a0\u00bb1\/6&Prime;]<div class=\"sliding_box\"><a href=\"http:\/\/cfeda.com\/paradis\/les-epilations\/\" ><div class=\"photo_wrapper\"><img loading=\"lazy\" decoding=\"async\" class=\"scale-with-grid\" src=\"https:\/\/cfeda.com\/paradis\/wp-content\/uploads\/2023\/03\/photo-site-web-banniere-20-1.png\" alt=\"photo site web banniere (20)\" width=\"600\" height=\"400\"\/><\/div><div class=\"desc_wrapper\"><h4>LES \u00c9PILATIONS<\/h4><\/div><\/a><\/div>\n[\/vc_column][vc_column width=\u00a0\u00bb1\/6&Prime;]<div class=\"sliding_box\"><a href=\"http:\/\/cfeda.com\/paradis\/les-soins-du-corps\/\" ><div class=\"photo_wrapper\"><img loading=\"lazy\" decoding=\"async\" class=\"scale-with-grid\" src=\"https:\/\/cfeda.com\/paradis\/wp-content\/uploads\/2023\/03\/photo-site-web-banniere-17-2.png\" alt=\"photo site web banniere (17)\" width=\"600\" height=\"400\"\/><\/div><div class=\"desc_wrapper\"><h4>SOINS DU CORPS<\/h4><\/div><\/a><\/div>\n[\/vc_column][vc_column width=\u00a0\u00bb1\/6&Prime;]<div class=\"sliding_box\"><a href=\"http:\/\/cfeda.com\/paradis\/beaute-du-regard\/\" ><div class=\"photo_wrapper\"><img loading=\"lazy\" decoding=\"async\" class=\"scale-with-grid\" src=\"https:\/\/cfeda.com\/paradis\/wp-content\/uploads\/2023\/03\/photo-site-web-banniere-19-1.png\" alt=\"photo site web banniere (19)\" width=\"600\" height=\"400\"\/><\/div><div class=\"desc_wrapper\"><h4>BEAUT\u00c9 DU REGARD<\/h4><\/div><\/a><\/div>\n[\/vc_column][\/vc_row][vc_row full_width=\u00a0\u00bbstretch_row\u00a0\u00bb el_id=\u00a0\u00bbtriptique\u00a0\u00bb][vc_column width=\u00a0\u00bb1\/2&Prime; css=\u00a0\u00bb.vc_custom_1674828227507{background-image: url(http:\/\/cfeda.com\/paradis\/wp-content\/uploads\/2023\/01\/3-3.png?id=119) !important;background-position: center !important;background-repeat: no-repeat !important;background-size: contain !important;}\u00a0\u00bb][vc_single_image image=\u00a0\u00bb120&Prime; img_size=\u00a0\u00bbFULL\u00a0\u00bb alignment=\u00a0\u00bbcenter\u00a0\u00bb css=\u00a0\u00bb.vc_custom_1674828383921{margin-top: 10% !important;margin-bottom: 10% !important;}\u00a0\u00bb][\/vc_column][vc_column width=\u00a0\u00bb1\/2&Prime;][vc_column_text]<\/p>\n<h2 style=\"text-align: center;\"><span style=\"color: #e2001a;\">Parrainez vos amis<\/span><\/h2>\n<p>[\/vc_column_text][vc_separator color=\u00a0\u00bbcustom\u00a0\u00bb el_width=\u00a0\u00bb40&Prime; css_animation=\u00a0\u00bbleft-to-right\u00a0\u00bb accent_color=\u00a0\u00bb#561900&Prime;][vc_column_text]<\/p>\n<p style=\"text-align: center;\"><span style=\"color: #561900;\">Vous \u00eates client chez Maeva Spa?<\/span><\/p>\n<p style=\"text-align: center;\"><span style=\"color: #561900;\">Connectez-vous sur la plateforme avec votre compte kalendes (logiciel de r\u00e9servation en ligne) et invitez vos ami(e)s \u00e0 d\u00e9couvrir le centre de bien-\u00eatre et d&rsquo;esth\u00e9tique de Contis Plage!<\/span><\/p>\n<p style=\"text-align: center;\"><span style=\"color: #561900;\">La personne re\u00e7oit un e-mail avec un bon d&rsquo;achat de 20\u20ac \u00e0 consommer, ce qui d\u00e9clenchera \u00e9galement un bon d&rsquo;achat pour vous remercier!<\/span><\/p>\n<p>[\/vc_column_text][vc_separator color=\u00a0\u00bbcustom\u00a0\u00bb el_width=\u00a0\u00bb40&Prime; css_animation=\u00a0\u00bbleft-to-right\u00a0\u00bb accent_color=\u00a0\u00bb#561900&Prime;][vc_btn title=\u00a0\u00bbLa plateforme Kalendes\u00a0\u00bb style=\u00a0\u00bbcustom\u00a0\u00bb custom_background=\u00a0\u00bb#561900&Prime; custom_text=\u00a0\u00bb#ffffff\u00a0\u00bb align=\u00a0\u00bbcenter\u00a0\u00bb css_animation=\u00a0\u00bbappear\u00a0\u00bb button_block=\u00a0\u00bbtrue\u00a0\u00bb link=\u00a0\u00bburl:https%3A%2F%2Fwww.kalendes.com%2Fplatform%2Fbooking%2Fmaevaspa\u00a0\u00bb css=\u00a0\u00bb.vc_custom_1678097891887{padding-right: 15% !important;padding-left: 15% !important;}\u00a0\u00bb][vc_column_text]<!-- KALENDES WIDGET --><script src=\"https:\/\/www.kalendes.com\/widget\/widget.js\" type=\"text\/javascript\"><\/script><script>\/*<![CDATA[*\/kalendes_host=\"maevaspa\";\/*]]>*\/<\/script><\/p>\n<div id=\"kalendes-widget-container\"><\/div>\n<p><!-- END OF KALENDES WIDGET -->[\/vc_column_text][\/vc_column][\/vc_row][vc_row full_width=\u00a0\u00bbstretch_row\u00a0\u00bb equal_height=\u00a0\u00bbyes\u00a0\u00bb content_placement=\u00a0\u00bbmiddle\u00a0\u00bb parallax=\u00a0\u00bbcontent-moving\u00a0\u00bb parallax_image=\u00a0\u00bb82&Prime; css=\u00a0\u00bb.vc_custom_1678101127798{margin-top: 5% !important;margin-bottom: 5% !important;}\u00a0\u00bb][vc_column css=\u00a0\u00bb.vc_custom_1678102100023{padding-bottom: 5% !important;}\u00a0\u00bb][vc_row_inner content_placement=\u00a0\u00bbtop\u00a0\u00bb css=\u00a0\u00bb.vc_custom_1678101150258{padding-right: 15% !important;padding-left: 15% !important;}\u00a0\u00bb][vc_column_inner css=\u00a0\u00bb.vc_custom_1678101023028{padding-right: 15% !important;padding-left: 15% !important;background-color: rgba(255,255,255,0.95) !important;*background-color: rgb(255,255,255) !important;border-radius: 15px !important;}\u00a0\u00bb][vc_column_text]<\/p>\n<h2 style=\"text-align: center;\"><span style=\"color: #e2001a;\">La fid\u00e9lit\u00e9 est r\u00e9compens\u00e9e<\/span><\/h2>\n<p style=\"text-align: center;\"><em><span style=\"color: #561900;\">-20% sur la 11 \u00e8me prestation<\/span><\/em><\/p>\n<p>&nbsp;<\/p>\n<p style=\"text-align: center;\"><em><span style=\"color: #561900;\">Pensez \u00e0 nous transmettre votre date d&rsquo;anniversaire afin de recevoir une offre sp\u00e9cialement pour vous!<\/span><\/em><\/p>\n<p>&nbsp;<\/p>\n<p style=\"text-align: center;\"><span style=\"color: #561900;\">Programme de bienvenue pour les nouveaux clients. <\/span><\/p>\n<p>[\/vc_column_text][vc_btn title=\u00a0\u00bbPrendre RDV\u00a0\u00bb style=\u00a0\u00bbcustom\u00a0\u00bb custom_background=\u00a0\u00bb#e85418&Prime; custom_text=\u00a0\u00bb#ffffff\u00a0\u00bb align=\u00a0\u00bbcenter\u00a0\u00bb css_animation=\u00a0\u00bbappear\u00a0\u00bb button_block=\u00a0\u00bbtrue\u00a0\u00bb link=\u00a0\u00bburl:https%3A%2F%2Fwww.kalendes.com%2Fmaevaspa%2F%23%2Flink%2FPAGE%2FRESERVE\u00a0\u00bb][\/vc_column_inner][\/vc_row_inner][\/vc_column][\/vc_row][vc_row full_width=\u00a0\u00bbstretch_row_content\u00a0\u00bb content_placement=\u00a0\u00bbmiddle\u00a0\u00bb parallax=\u00a0\u00bbcontent-moving\u00a0\u00bb parallax_image=\u00a0\u00bb23&Prime;][vc_column width=\u00a0\u00bb1\/2&Prime;][vc_column_text]<\/p>\n<h2 style=\"text-align: center;\"><span style=\"color: #e2001a;\">Les forfaits<\/span><\/h2>\n<p style=\"text-align: center;\"><span style=\"color: #561900;\"><em>Massages bien-\u00eatre :<\/em><\/span><\/p>\n<p style=\"text-align: center;\"><span style=\"color: #561900;\">Vous disposez d\u2019une r\u00e9serve de temps de 3 ou 6 heures de modelages, que vous utilisez selon vos envies et votre choix de modelages. <\/span><\/p>\n<p style=\"text-align: center;\"><span style=\"color: #561900;\">La carte est nominative, valable un an. Paiement en totalit\u00e9 lors du premier rendez-vous.<\/span><\/p>\n<p>&nbsp;<\/p>\n<p style=\"text-align: center;\"><span style=\"color: #561900;\"><em>Soins du visage :<\/em><\/span><\/p>\n<p style=\"text-align: center;\"><span style=\"color: #561900;\">-10% sur l\u2019achat de 3 soins visages* <\/span><\/p>\n<p style=\"text-align: center;\"><span style=\"color: #561900;\">-15% sur l\u2019achat de 4 soins visages*<\/span><\/p>\n<p style=\"text-align: center;\"><span style=\"font-size: 8pt; color: #561900;\">* \u00e0 consommer durant l\u2019ann\u00e9e.<\/span><\/p>\n<p>&nbsp;<\/p>\n<p style=\"text-align: center;\"><span style=\"color: #561900;\"><em>Les \u00e9pilations :<\/em><\/span><\/p>\n<p style=\"text-align: center;\"><span style=\"color: #561900;\">Forfait 3 zones ou plus : B\u00e9n\u00e9ficiez de -10% sur l\u2019addition des zones souhait\u00e9es.<\/span><\/p>\n<p>[\/vc_column_text][\/vc_column][vc_column parallax=\u00a0\u00bbcontent-moving-fade\u00a0\u00bb width=\u00a0\u00bb1\/2&Prime;][vc_single_image image=\u00a0\u00bb335&Prime; img_size=\u00a0\u00bbfull\u00a0\u00bb alignment=\u00a0\u00bbcenter\u00a0\u00bb style=\u00a0\u00bbvc_box_border_circle\u00a0\u00bb][\/vc_column][\/vc_row][vc_row full_width=\u00a0\u00bbstretch_row\u00a0\u00bb parallax=\u00a0\u00bbcontent-moving\u00a0\u00bb parallax_image=\u00a0\u00bb82&Prime;][vc_column css=\u00a0\u00bb.vc_custom_1678102111161{padding-bottom: 5% !important;}\u00a0\u00bb][vc_row_inner content_placement=\u00a0\u00bbmiddle\u00a0\u00bb css=\u00a0\u00bb.vc_custom_1674809787624{padding-right: 15% !important;padding-left: 15% !important;}\u00a0\u00bb][vc_column_inner css=\u00a0\u00bb.vc_custom_1674810926671{padding-right: 15% !important;padding-left: 15% !important;background-color: rgba(255,255,255,0.95) !important;*background-color: rgb(255,255,255) !important;border-radius: 15px !important;}\u00a0\u00bb][vc_column_text]<\/p>\n<h2 style=\"text-align: center;\"><span style=\"color: #e2001a;\">Les abonnements<\/span><\/h2>\n<p>&nbsp;<\/p>\n<p style=\"text-align: center;\"><span style=\"color: #561900;\">-20% sur les soins corps et visage de votre choix ainsi que les \u00e9pilations.<\/span><\/p>\n<p style=\"text-align: center;\"><span style=\"color: #561900;\"> Adaptable au nombre de passage souhait\u00e9 (3 mois minimum). <\/span><\/p>\n<p style=\"text-align: center;\"><span style=\"color: #561900;\">Paiement en totalit\u00e9 lors du premier rendez-vous et mensualis\u00e9 au besoin. <\/span><\/p>\n<p style=\"text-align: center;\"><span style=\"color: #561900;\">Non remboursable. Montant d\u00fb m\u00eame si le client ne se pr\u00e9sente pas sur le mois.<\/span><\/p>\n<p>[\/vc_column_text][vc_btn title=\u00a0\u00bbPrendre RDV\u00a0\u00bb style=\u00a0\u00bbcustom\u00a0\u00bb custom_background=\u00a0\u00bb#e85418&Prime; custom_text=\u00a0\u00bb#ffffff\u00a0\u00bb align=\u00a0\u00bbcenter\u00a0\u00bb css_animation=\u00a0\u00bbappear\u00a0\u00bb button_block=\u00a0\u00bbtrue\u00a0\u00bb link=\u00a0\u00bburl:https%3A%2F%2Fwww.kalendes.com%2Fmaevaspa%2F%23%2Flink%2FPAGE%2FRESERVE\u00a0\u00bb][\/vc_column_inner][\/vc_row_inner][\/vc_column][\/vc_row][vc_row full_width=\u00a0\u00bbstretch_row\u00a0\u00bb content_placement=\u00a0\u00bbmiddle\u00a0\u00bb][vc_column width=\u00a0\u00bb1\/2&Prime;][vc_column_text]<\/p>\n<h2 style=\"text-align: center;\"><span style=\"color: #e2001a;\">La Carte Premium<\/span><\/h2>\n<p>[\/vc_column_text][vc_separator color=\u00a0\u00bbcustom\u00a0\u00bb el_width=\u00a0\u00bb40&Prime; css_animation=\u00a0\u00bbleft-to-right\u00a0\u00bb accent_color=\u00a0\u00bb#561900&Prime;][vc_column_text]<\/p>\n<p style=\"text-align: center;\"><span style=\"color: #561900;\"><em>Pour l&rsquo;achat d&rsquo;une carte, b\u00e9n\u00e9ficiez de : <\/em><\/span><\/p>\n<p style=\"text-align: center;\"><span style=\"color: #561900;\">-20% sur les \u00e9pilations <\/span><\/p>\n<p style=\"text-align: center;\"><span style=\"color: #561900;\">-20% sur les massages <\/span><\/p>\n<p style=\"text-align: center;\"><span style=\"color: #561900;\">-20% sur les soins du visage <\/span><\/p>\n<p style=\"text-align: center;\"><span style=\"color: #561900;\">-20% sur les produits de la boutique <\/span><\/p>\n<p style=\"text-align: center;\"><span style=\"color: #561900;\">-Un cadeau pour votre anniversaire <\/span><\/p>\n<p style=\"text-align: center;\"><span style=\"color: #561900;\">-Invitation aux soir\u00e9es VIP <\/span><\/p>\n<p style=\"text-align: center;\"><span style=\"color: #561900;\">6 mois 150\u20ac &#8211; 12 mois 250\u20ac<\/span><\/p>\n<p style=\"text-align: center;\"><span style=\"color: #561900;\">*Carte nominative valable 6 mois ou 1 an \u00e0 compter de la date d&rsquo;achat. <\/span><\/p>\n<p style=\"text-align: center;\"><span style=\"color: #561900;\">Carte non \u00e9changeable et non remboursable.<\/span><\/p>\n<p style=\"text-align: center;\"><span style=\"color: #561900;\">Offre non cumulable avec les forfaits, abonnements, programme de fid\u00e9lit\u00e9 et promotions en cours.<\/span><\/p>\n<p>[\/vc_column_text][vc_separator color=\u00a0\u00bbcustom\u00a0\u00bb el_width=\u00a0\u00bb40&Prime; css_animation=\u00a0\u00bbleft-to-right\u00a0\u00bb accent_color=\u00a0\u00bb#561900&Prime;][vc_btn title=\u00a0\u00bbLa carte premium\u00a0\u00bb style=\u00a0\u00bbcustom\u00a0\u00bb custom_background=\u00a0\u00bb#561900&Prime; custom_text=\u00a0\u00bb#ffffff\u00a0\u00bb align=\u00a0\u00bbcenter\u00a0\u00bb css_animation=\u00a0\u00bbappear\u00a0\u00bb button_block=\u00a0\u00bbtrue\u00a0\u00bb link=\u00a0\u00bburl:https%3A%2F%2Fwww.kalendes.com%2Fmaevaspa%2F%23%2Flink%2FFAMILLE%2F66555&Prime; css=\u00a0\u00bb.vc_custom_1678099339394{padding-right: 15% !important;padding-left: 15% !important;}\u00a0\u00bb][vc_column_text]<!-- KALENDES WIDGET --><script src=\"https:\/\/www.kalendes.com\/widget\/widget.js\" type=\"text\/javascript\"><\/script><script>\/*<![CDATA[*\/kalendes_host=\"maevaspa\";\/*]]>*\/<\/script><\/p>\n<div id=\"kalendes-widget-container\"><\/div>\n<p><!-- END OF KALENDES WIDGET -->[\/vc_column_text][\/vc_column][vc_column width=\u00a0\u00bb1\/2&Prime; css=\u00a0\u00bb.vc_custom_1674828227507{background-image: url(http:\/\/cfeda.com\/paradis\/wp-content\/uploads\/2023\/01\/3-3.png?id=119) !important;background-position: center !important;background-repeat: no-repeat !important;background-size: contain !important;}\u00a0\u00bb][vc_single_image image=\u00a0\u00bb296&Prime; img_size=\u00a0\u00bbFULL\u00a0\u00bb alignment=\u00a0\u00bbcenter\u00a0\u00bb css=\u00a0\u00bb.vc_custom_1678100042485{margin-top: 10% !important;margin-bottom: 10% !important;}\u00a0\u00bb][\/vc_column][\/vc_row][vc_row full_width=\u00a0\u00bbstretch_row_content\u00a0\u00bb content_placement=\u00a0\u00bbmiddle\u00a0\u00bb parallax=\u00a0\u00bbcontent-moving\u00a0\u00bb parallax_image=\u00a0\u00bb23&Prime; css=\u00a0\u00bb.vc_custom_1678871507219{background-image: url(http:\/\/cfeda.com\/paradis\/wp-content\/uploads\/2023\/03\/mandala-site-2.png?id=309) !important;}\u00a0\u00bb][vc_column width=\u00a0\u00bb1\/2&Prime;][vc_single_image image=\u00a0\u00bb342&Prime; img_size=\u00a0\u00bbFULL\u00a0\u00bb alignment=\u00a0\u00bbcenter\u00a0\u00bb style=\u00a0\u00bbvc_box_border_circle\u00a0\u00bb][\/vc_column][vc_column width=\u00a0\u00bb1\/2&Prime; css=\u00a0\u00bb.vc_custom_1681885843915{border-top-width: 1px !important;border-right-width: 1px !important;border-bottom-width: 1px !important;border-left-width: 1px !important;background-color: rgba(255,255,255,0.8) !important;background-position: 0 0 !important;background-repeat: no-repeat !important;*background-color: rgb(255,255,255) !important;border-left-color: #ffffff !important;border-left-style: solid !important;border-right-color: #ffffff !important;border-right-style: solid !important;border-top-color: #ffffff !important;border-top-style: solid !important;border-bottom-color: #ffffff !important;border-bottom-style: solid !important;border-radius: 20px !important;}\u00a0\u00bb][vc_column_text]<\/p>\n<h2 style=\"text-align: center;\"><span style=\"color: #e2001a;\">Quelques pr\u00e9cisions<\/span><\/h2>\n<p>&nbsp;<\/p>\n<p style=\"text-align: left;\"><span style=\"color: #561900;\">Nous nous excusons d&rsquo;avance si la porte du centre est ferm\u00e9e \u00e0 cl\u00e9 afin de respecter le bien-\u00eatre du client lors de son soin.<\/span><\/p>\n<p style=\"text-align: left;\"><span style=\"color: #561900;\">La m\u00eame attention vous sera accord\u00e9e. Merci de m&rsquo;appeler, message texte ou internet, vous serez recontact\u00e9.<\/span><\/p>\n<p style=\"text-align: left;\"><span style=\"color: #561900;\">Une tisanerie sera mis \u00e0 votre disposition our poursuivre la s\u00e9r\u00e9nit\u00e9 du soin.<\/span><\/p>\n<p style=\"text-align: left;\"><span style=\"color: #561900;\">Merci d&rsquo;arriver 5 minutes avant le d\u00e9but de votre soin.<\/span><\/p>\n<p style=\"text-align: left;\"><span style=\"color: #561900;\">Le centre est \u00e9quip\u00e9 d&rsquo;une douche et une climatisation.<\/span><\/p>\n<p style=\"text-align: left;\"><span style=\"color: #561900;\">La confidentialit\u00e9 est respect\u00e9e ainsi que l&rsquo;intimit\u00e9 de la personne accompagn\u00e9e.<\/span><\/p>\n<p style=\"text-align: left;\"><span style=\"color: #561900;\">Pour toute annulation de rdv de moins de 5h, la prestation sera due en totalit\u00e9.<\/span><\/p>\n<p style=\"text-align: left;\"><span style=\"color: #561900;\">Les temps de soin indiqu\u00e9es incluent l&rsquo;habillage et le d\u00e9shabillage en salle de soin.<\/span><\/p>\n<p style=\"text-align: left;\"><span style=\"color: #561900;\">Tous les soins sont applicables pour les hommes et les femmes sauf l&rsquo;\u00e9pilation du maillot homme.<\/span><\/p>\n<p style=\"text-align: left;\"><span style=\"color: #561900;\">Toute personne ayant des gestes d\u00e9plac\u00e9s sera gentiment raccompagn\u00e9e.<\/span><\/p>\n<p style=\"text-align: left;\"><span style=\"color: #561900;\">Pour les femmes enceinte, les soins sont adapt\u00e9s.<\/span><\/p>\n<p style=\"text-align: left;\"><span style=\"color: #561900;\">Je vous conseille d&rsquo;attendre votre visite du 3\u00e8me mois afin de demander un certificat m\u00e9dical attestant que les soins ne sont pas contre-indiqu\u00e9s pour votre grossesse.<\/span><\/p>\n<p style=\"text-align: left;\"><span style=\"color: #561900;\">Toute personne pr\u00e9sentant des troubles physiques ou psychique sera r\u00e9orient\u00e9e vers le corps m\u00e9dical.<\/span><\/p>\n<p>[\/vc_column_text][\/vc_column][\/vc_row]<\/p>\n","protected":false},"excerpt":{"rendered":"<p>[vc_row full_width=\u00a0\u00bbstretch_row\u00a0\u00bb css=\u00a0\u00bb.vc_custom_1678101935774{padding-top: 10% !important;padding-bottom: 10% !important;background-image: url(http:\/\/cfeda.com\/paradis\/wp-content\/uploads\/2023\/01\/Sans-titre.jpg?id=82) !important;background-position: center !important;background-repeat: no-repeat !important;background-size: cover !important;}\u00a0\u00bb][vc_column width=\u00a0\u00bb1\/6&Prime;][\/vc_column][vc_column width=\u00a0\u00bb1\/6&Prime;][\/vc_column][vc_column width=\u00a0\u00bb1\/6&Prime;][\/vc_column][vc_column width=\u00a0\u00bb1\/6&Prime;][\/vc_column][vc_column width=\u00a0\u00bb1\/6&Prime;][\/vc_column][vc_column width=\u00a0\u00bb1\/6&Prime;][\/vc_column][\/vc_row][vc_row full_width=\u00a0\u00bbstretch_row\u00a0\u00bb el_id=\u00a0\u00bbtriptique\u00a0\u00bb][vc_column width=\u00a0\u00bb1\/2&Prime; css=\u00a0\u00bb.vc_custom_1674828227507{background-image: url(http:\/\/cfeda.com\/paradis\/wp-content\/uploads\/2023\/01\/3-3.png?id=119)<span class=\"excerpt-hellip\"> [\u2026]<\/span><\/p>\n","protected":false},"author":1,"featured_media":0,"parent":0,"menu_order":0,"comment_status":"closed","ping_status":"closed","template":"","meta":{"footnotes":""},"class_list":["post-218","page","type-page","status-publish","hentry"],"_links":{"self":[{"href":"https:\/\/cfeda.com\/paradis\/wp-json\/wp\/v2\/pages\/218","targetHints":{"allow":["GET"]}}],"collection":[{"href":"https:\/\/cfeda.com\/paradis\/wp-json\/wp\/v2\/pages"}],"about":[{"href":"https:\/\/cfeda.com\/paradis\/wp-json\/wp\/v2\/types\/page"}],"author":[{"embeddable":true,"href":"https:\/\/cfeda.com\/paradis\/wp-json\/wp\/v2\/users\/1"}],"replies":[{"embeddable":true,"href":"https:\/\/cfeda.com\/paradis\/wp-json\/wp\/v2\/comments?post=218"}],"version-history":[{"count":24,"href":"https:\/\/cfeda.com\/paradis\/wp-json\/wp\/v2\/pages\/218\/revisions"}],"predecessor-version":[{"id":656,"href":"https:\/\/cfeda.com\/paradis\/wp-json\/wp\/v2\/pages\/218\/revisions\/656"}],"wp:attachment":[{"href":"https:\/\/cfeda.com\/paradis\/wp-json\/wp\/v2\/media?parent=218"}],"curies":[{"name":"wp","href":"https:\/\/api.w.org\/{rel}","templated":true}]}}