{"id":123,"date":"2023-01-27T15:11:47","date_gmt":"2023-01-27T14:11:47","guid":{"rendered":"http:\/\/cfeda.com\/paradis\/?page_id=123"},"modified":"2023-04-24T19:44:01","modified_gmt":"2023-04-24T17:44:01","slug":"accueil","status":"publish","type":"page","link":"https:\/\/cfeda.com\/paradis\/","title":{"rendered":"Accueil"},"content":{"rendered":"<p>[vc_row full_width=\u00a0\u00bbstretch_row_content\u00a0\u00bb][vc_column css=\u00a0\u00bb.vc_custom_1678092067661{margin-bottom: % !important;}\u00a0\u00bb][vc_column_text css=\u00a0\u00bb.vc_custom_1679237636082{margin-top: 5% !important;margin-bottom: 5% !important;}\u00a0\u00bb]<\/p>\n<h2 style=\"text-align: center;\"><span style=\"color: #561900;\"><em><span style=\"font-family: arial, helvetica, sans-serif; font-size: 36pt;\">Pour quelques heures, laissez-vous d\u00e9voiler les secrets du bien-\u00eatre.<\/span><\/em><\/span><\/h2>\n<p>&nbsp;<\/p>\n<h2 style=\"text-align: center;\"><span style=\"color: #561900;\"><em><span style=\"font-family: arial, helvetica, sans-serif; font-size: 36pt;\">Ouvert \u00e0 l&rsquo;ann\u00e9e, sur rendez vous, selon possibilit\u00e9s.<\/span><\/em><\/span><\/h2>\n<p>[\/vc_column_text][\/vc_column][\/vc_row][vc_row full_width=\u00a0\u00bbstretch_row\u00a0\u00bb parallax=\u00a0\u00bbcontent-moving\u00a0\u00bb parallax_image=\u00a0\u00bb82&Prime;][vc_column][vc_row_inner content_placement=\u00a0\u00bbmiddle\u00a0\u00bb css=\u00a0\u00bb.vc_custom_1674809787624{padding-right: 15% !important;padding-left: 15% !important;}\u00a0\u00bb][vc_column_inner css=\u00a0\u00bb.vc_custom_1674810926671{padding-right: 15% !important;padding-left: 15% !important;background-color: rgba(255,255,255,0.95) !important;*background-color: rgb(255,255,255) !important;border-radius: 15px !important;}\u00a0\u00bb][vc_column_text]<\/p>\n<h2 style=\"text-align: center;\"><span style=\"color: #e85418; font-family: arial, helvetica, sans-serif;\">Qui sommes-nous?<\/span><\/h2>\n<p style=\"text-align: center;\"><span style=\"color: #561900; font-family: arial, helvetica, sans-serif;\">Le centre de bien-\u00eatre et d&rsquo;esth\u00e9tique Maeva SPA \u00e0 ouvert ses portes le 7 avril 2012 au coeur de l&rsquo;h\u00f4tel de la plage sur Contis. Maeva, alors \u00e2g\u00e9e de 24 ans, avait pratiqu\u00e9e dans divers centres ( thermalisme, thalassoth\u00e9rapie, spa urbain, h\u00f4tellerie de plein air et institut de beaut\u00e9) et a eu envie d&rsquo;avoir son propre centre dans ce lieu idyllique. <\/span><\/p>\n<p style=\"text-align: center;\"><span style=\"color: #561900; font-family: arial, helvetica, sans-serif;\">L&rsquo;espace de 20m2 ne laissait place qu&rsquo;au soin corps et visage. Les marques Decl\u00e9or et la Sultane de Saba lui ont fait confiance et cela dure toujours. En 2013, Maeva a investi un espace plus grand dans les locaux de l&rsquo;H\u00f4tel.<\/span><\/p>\n<p style=\"text-align: center;\"><span style=\"color: #561900; font-family: arial, helvetica, sans-serif;\">Au fil du temps sont venus s&rsquo;ajouter les soins pour enfants avec Toofruit, les produits Autour du bain et Blancr\u00e8me. Depuis peu, la marque Skinident Dr Baumann est venue enrichir l&rsquo;expertise cutan\u00e9e.\u00a0<\/span><\/p>\n<p style=\"text-align: center;\"><span style=\"color: #561900; font-family: arial, helvetica, sans-serif;\">Maeva a rencontr\u00e9 Am\u00e9lie en 2017, proth\u00e9siste ongulaire aguerrie. Am\u00e9lie est intervenue deux \u00e9t\u00e9 en onglerie avant d&rsquo;agrandir le Maeva Spa le temps de deux mois chaque \u00e9t\u00e9 en proposant l&rsquo;onglerie et les soins corps et visage. <\/span><\/p>\n<p style=\"text-align: center;\"><span style=\"color: #561900; font-family: arial, helvetica, sans-serif;\">Nous nous formons r\u00e9guli\u00e8rement, afin de nous perfectionner, pour toujours mieux prendre soin de vous et vous proposer des soins de qualit\u00e9.<\/span><\/p>\n<p>[\/vc_column_text][vc_btn title=\u00a0\u00bbPrendre RDV\u00a0\u00bb style=\u00a0\u00bbcustom\u00a0\u00bb custom_background=\u00a0\u00bb#e85418&Prime; custom_text=\u00a0\u00bb#ffffff\u00a0\u00bb align=\u00a0\u00bbcenter\u00a0\u00bb css_animation=\u00a0\u00bbappear\u00a0\u00bb button_block=\u00a0\u00bbtrue\u00a0\u00bb link=\u00a0\u00bburl:https%3A%2F%2Fwww.kalendes.com%2Fmaevaspa%2F%23%2Flink%2FPAGE%2FRESERVE\u00a0\u00bb][vc_btn title=\u00a0\u00bbT\u00e9l\u00e9charger la brochure en fran\u00e7ais\u00a0\u00bb style=\u00a0\u00bbflat\u00a0\u00bb color=\u00a0\u00bbwhite\u00a0\u00bb size=\u00a0\u00bblg\u00a0\u00bb align=\u00a0\u00bbcenter\u00a0\u00bb i_align=\u00a0\u00bbright\u00a0\u00bb i_icon_fontawesome=\u00a0\u00bbfas fa-file-pdf\u00a0\u00bb css_animation=\u00a0\u00bbappear\u00a0\u00bb button_block=\u00a0\u00bbtrue\u00a0\u00bb add_icon=\u00a0\u00bbtrue\u00a0\u00bb link=\u00a0\u00bburl:http%3A%2F%2Fcfeda.com%2Fparadis%2Fwp-content%2Fuploads%2F2023%2F01%2FWEB-BROCHURE-MAEVA-SPA-2022-V5.pdf|target:_blank\u00a0\u00bb][vc_btn title=\u00a0\u00bbDownload the brochure in english\u00a0\u00bb style=\u00a0\u00bbflat\u00a0\u00bb color=\u00a0\u00bbwhite\u00a0\u00bb size=\u00a0\u00bblg\u00a0\u00bb align=\u00a0\u00bbcenter\u00a0\u00bb i_align=\u00a0\u00bbright\u00a0\u00bb i_icon_fontawesome=\u00a0\u00bbfas fa-file-pdf\u00a0\u00bb css_animation=\u00a0\u00bbappear\u00a0\u00bb button_block=\u00a0\u00bbtrue\u00a0\u00bb add_icon=\u00a0\u00bbtrue\u00a0\u00bb link=\u00a0\u00bburl:http%3A%2F%2Fcfeda.com%2Fparadis%2Fwp-content%2Fuploads%2F2023%2F04%2Fbrochure-anglais-maeva-spa.pdf|target:_blank\u00a0\u00bb]<div class=\"photo_box element_classes  without-desc\"><div class=\"image_frame\"><div class=\"image_wrapper\"><div class=\"mask\"><\/div><img loading=\"lazy\" decoding=\"async\" class=\"scale-with-grid\" src=\"https:\/\/cfeda.com\/paradis\/wp-content\/uploads\/2023\/03\/photo-site-web-banniere-2.png\" alt=\"photo site web banniere (2)\" width=\"600\" height=\"400\"\/><\/div><\/div><\/div>\n[\/vc_column_inner][\/vc_row_inner][\/vc_column][\/vc_row][vc_row content_placement=\u00a0\u00bbmiddle\u00a0\u00bb el_id=\u00a0\u00bbtriptique\u00a0\u00bb][vc_column width=\u00a0\u00bb1\/2&Prime; css=\u00a0\u00bb.vc_custom_1675175105428{background-image: url(http:\/\/cfeda.com\/paradis\/wp-content\/uploads\/2023\/01\/3-2.png?id=118) !important;background-position: center !important;background-repeat: no-repeat !important;background-size: contain !important;}\u00a0\u00bb][vc_single_image image=\u00a0\u00bb120&Prime; img_size=\u00a0\u00bbFULL\u00a0\u00bb alignment=\u00a0\u00bbcenter\u00a0\u00bb css=\u00a0\u00bb.vc_custom_1674828383921{margin-top: 10% !important;margin-bottom: 10% !important;}\u00a0\u00bb][\/vc_column][vc_column width=\u00a0\u00bb1\/2&Prime;][vc_column_text]<\/p>\n<h2 style=\"text-align: center;\"><span style=\"color: #e85418; font-family: arial, helvetica, sans-serif;\">L&rsquo;actualit\u00e9<\/span><\/h2>\n<p>[\/vc_column_text][vc_separator color=\u00a0\u00bbcustom\u00a0\u00bb el_width=\u00a0\u00bb40&Prime; css_animation=\u00a0\u00bbleft-to-right\u00a0\u00bb accent_color=\u00a0\u00bb#561900&Prime;][vc_column_text]<\/p>\n<h2 style=\"text-align: center;\"><span style=\"color: #561900; font-family: arial, helvetica, sans-serif;\">L&rsquo;agenda se rempli rapidement pendant les vacances scolaires, pensez \u00e0 anticiper vos rendez-vous<\/span><\/h2>\n<p>[\/vc_column_text][vc_separator color=\u00a0\u00bbcustom\u00a0\u00bb el_width=\u00a0\u00bb40&Prime; css_animation=\u00a0\u00bbleft-to-right\u00a0\u00bb accent_color=\u00a0\u00bb#561900&Prime;][vc_column_text]<\/p>\n<p style=\"text-align: center;\"><span style=\"color: #561900;\">Retrouvez les offres du mois sur les r\u00e9seaux sociaux de Maeva Spa (facebook et instagram) et dans votre newsletter!<\/span><\/p>\n<p style=\"text-align: center;\"><span style=\"color: #561900;\"><b>L\u2019onglerie se r\u00e9alise avec Am\u00e9lie qui intervient au spa sur demande.\u00a0<\/b><b>Contactez-la <\/b><b>au 06 29 95 00 07.<\/b><\/span><\/p>\n<p style=\"text-align: center;\"><span style=\"color: #561900;\">Contactez moi si vous ne trouvez pas de cr\u00e9neaux il y a parfois des annulations ou un temps plus court que ce que pr\u00e9voit le logiciel<\/span><\/p>\n<p style=\"text-align: center;\"><span style=\"color: #561900;\">Une emprunte bancaire est demand\u00e9e mais ce n&rsquo;est pas pr\u00e9lev\u00e9e. Il s&rsquo;agit d&rsquo;une s\u00e9curit\u00e9 pour \u00e9viter les rdv non honor\u00e9s. En cas d&rsquo;absence non justifi\u00e9e ou pr\u00e9venue moins de 5h avant l&rsquo;heure du soin, nous pr\u00e9l\u00e8verons l&#8217;emprunte.\u00a0<\/span><\/p>\n<p style=\"text-align: center;\"><span style=\"color: #561900;\">Merci de pr\u00e9voir un paiement le jour du soin.<\/span><\/p>\n<p>[\/vc_column_text][vc_btn title=\u00a0\u00bbPrendre RDV\u00a0\u00bb style=\u00a0\u00bbcustom\u00a0\u00bb custom_background=\u00a0\u00bb#561900&Prime; custom_text=\u00a0\u00bb#ffffff\u00a0\u00bb align=\u00a0\u00bbcenter\u00a0\u00bb css_animation=\u00a0\u00bbappear\u00a0\u00bb button_block=\u00a0\u00bbtrue\u00a0\u00bb link=\u00a0\u00bburl:https%3A%2F%2Fwww.kalendes.com%2Fmaevaspa%2F%23%2Flink%2FPAGE%2FRESERVE\u00a0\u00bb css=\u00a0\u00bb.vc_custom_1675175256838{padding-right: 15% !important;padding-left: 15% !important;}\u00a0\u00bb][vc_column_text]<!-- KALENDES WIDGET --><script src=\"https:\/\/www.kalendes.com\/widget\/widget.js\" type=\"text\/javascript\"><\/script><script>\/*<![CDATA[*\/kalendes_host=\"maevaspa\";\/*]]>*\/<\/script><\/p>\n<div id=\"kalendes-widget-container\"><\/div>\n<p><!-- END OF KALENDES WIDGET -->[\/vc_column_text][\/vc_column][\/vc_row][vc_row equal_height=\u00a0\u00bbyes\u00a0\u00bb content_placement=\u00a0\u00bbmiddle\u00a0\u00bb][vc_column][vc_row_inner equal_height=\u00a0\u00bbyes\u00a0\u00bb content_placement=\u00a0\u00bbmiddle\u00a0\u00bb][vc_column_inner width=\u00a0\u00bb1\/2&Prime;][vc_column_text]<\/p>\n<p style=\"text-align: center;\">Vite, t\u00e9l\u00e9chargez notre mag beaut\u00e9 !!<\/p>\n<p style=\"text-align: center;\">D\u00e9couvrez :<\/p>\n<p style=\"text-align: center;\">&#8211; nos conseils beaut\u00e9 et life style<\/p>\n<p style=\"text-align: center;\">-nos coffrets pour la f\u00eate des m\u00e8res<\/p>\n<p style=\"text-align: center;\">-les soins incontournables qui sublimeront votre \u00e9t\u00e9.<\/p>\n<p>[\/vc_column_text][vc_btn title=\u00a0\u00bbJe d\u00e9couvre le magazine ici\u00a0\u00bb style=\u00a0\u00bbcustom\u00a0\u00bb custom_background=\u00a0\u00bb#e85418&Prime; custom_text=\u00a0\u00bb#ffffff\u00a0\u00bb align=\u00a0\u00bbcenter\u00a0\u00bb css_animation=\u00a0\u00bbappear\u00a0\u00bb link=\u00a0\u00bburl:https%3A%2F%2Fheyzine.com%2Fflip-book%2Fd7c12668d2.html\u00a0\u00bb][\/vc_column_inner][vc_column_inner width=\u00a0\u00bb1\/2&Prime;]<div class=\"flat_box\"><a href=\"https:\/\/heyzine.com\/flip-book\/d7c12668d2.html\" ><div class=\"photo_wrapper\"><div class=\"icon themebg\" ><img loading=\"lazy\" decoding=\"async\" class=\"scale-with-grid\" src=\"https:\/\/cfeda.com\/paradis\/wp-content\/uploads\/2023\/03\/Copie-de-logo-fleur-fonce1-1.png\" alt=\"Copie-de-logo-fleur-fonce1-1\" width=\"750\" height=\"450\"\/><\/div><img loading=\"lazy\" decoding=\"async\" class=\"photo scale-with-grid\" src=\"https:\/\/cfeda.com\/paradis\/wp-content\/uploads\/2023\/03\/Sans-titre-3.png\" alt=\"Sans titre\" width=\"540\" height=\"540\"\/><\/div><div class=\"desc_wrapper\"><div class=\"desc\">Mon mag beaut\u00e9<\/div><\/div><\/a><\/div>\n[\/vc_column_inner][\/vc_row_inner][\/vc_column][\/vc_row][vc_row full_width=\u00a0\u00bbstretch_row\u00a0\u00bb equal_height=\u00a0\u00bbyes\u00a0\u00bb css=\u00a0\u00bb.vc_custom_1679923376982{background-image: url(http:\/\/cfeda.com\/paradis\/wp-content\/uploads\/2023\/01\/fond-rangee-site-web1.png?id=95) !important;background-position: center !important;background-repeat: no-repeat !important;background-size: cover !important;}\u00a0\u00bb][vc_column width=\u00a0\u00bb1\/4&Prime;]<div class=\"sliding_box\"><a href=\"http:\/\/cfeda.com\/paradis\/les-soins-du-visage\/\" ><div class=\"photo_wrapper\"><img loading=\"lazy\" decoding=\"async\" class=\"scale-with-grid\" src=\"https:\/\/cfeda.com\/paradis\/wp-content\/uploads\/2023\/03\/photo-site-web-banniere-10.png\" alt=\"photo site web banniere (10)\" width=\"600\" height=\"400\"\/><\/div><div class=\"desc_wrapper\"><h4>SOIN DU VISAGE<\/h4><\/div><\/a><\/div>\n[\/vc_column][vc_column width=\u00a0\u00bb1\/4&Prime;]<div class=\"sliding_box\"><a href=\"http:\/\/cfeda.com\/paradis\/les-modelages\/\" ><div class=\"photo_wrapper\"><img loading=\"lazy\" decoding=\"async\" class=\"scale-with-grid\" src=\"https:\/\/cfeda.com\/paradis\/wp-content\/uploads\/2023\/03\/photo-site-web-banniere-10-1.png\" alt=\"photo site web banniere (10)\" width=\"600\" height=\"400\"\/><\/div><div class=\"desc_wrapper\"><h4>MODELAGE<\/h4><\/div><\/a><\/div>\n[\/vc_column][vc_column width=\u00a0\u00bb1\/4&Prime;]<div class=\"sliding_box\"><a href=\"http:\/\/cfeda.com\/paradis\/les-rituels-et-cure\/\" ><div class=\"photo_wrapper\"><img loading=\"lazy\" decoding=\"async\" class=\"scale-with-grid\" src=\"https:\/\/cfeda.com\/paradis\/wp-content\/uploads\/2023\/03\/photo-site-web-banniere-11-1.png\" alt=\"photo site web banniere (11)\" width=\"600\" height=\"400\"\/><\/div><div class=\"desc_wrapper\"><h4>RITUELS<\/h4><\/div><\/a><\/div>\n[\/vc_column][vc_column width=\u00a0\u00bb1\/4&Prime;]<div class=\"sliding_box\"><a href=\"http:\/\/cfeda.com\/paradis\/les-epilations\/\" ><div class=\"photo_wrapper\"><img loading=\"lazy\" decoding=\"async\" class=\"scale-with-grid\" src=\"https:\/\/cfeda.com\/paradis\/wp-content\/uploads\/2023\/03\/photo-site-web-banniere-20-1.png\" alt=\"photo site web banniere (20)\" width=\"600\" height=\"400\"\/><\/div><div class=\"desc_wrapper\"><h4>EPILATION<\/h4><\/div><\/a><\/div>\n[\/vc_column][\/vc_row][vc_row full_width=\u00a0\u00bbstretch_row\u00a0\u00bb parallax=\u00a0\u00bbcontent-moving\u00a0\u00bb parallax_image=\u00a0\u00bb82&Prime;][vc_column][vc_row_inner content_placement=\u00a0\u00bbmiddle\u00a0\u00bb css=\u00a0\u00bb.vc_custom_1674809787624{padding-right: 15% !important;padding-left: 15% !important;}\u00a0\u00bb][vc_column_inner css=\u00a0\u00bb.vc_custom_1674810926671{padding-right: 15% !important;padding-left: 15% !important;background-color: rgba(255,255,255,0.95) !important;*background-color: rgb(255,255,255) !important;border-radius: 15px !important;}\u00a0\u00bb][vc_column_text]<\/p>\n<h2 style=\"text-align: center;\"><span style=\"color: #e85418; font-family: arial, helvetica, sans-serif;\">Nos bons cadeaux<\/span><\/h2>\n<p style=\"text-align: center;\"><span style=\"color: #561900; font-family: arial, helvetica, sans-serif;\">Les bons cadeaux sont valable 6 mois, nominatifs<\/span><\/p>\n<p>[\/vc_column_text][vc_btn title=\u00a0\u00bbAcheter un bon cadeau\u00a0\u00bb style=\u00a0\u00bbcustom\u00a0\u00bb custom_background=\u00a0\u00bb#e85418&Prime; custom_text=\u00a0\u00bb#ffffff\u00a0\u00bb align=\u00a0\u00bbcenter\u00a0\u00bb css_animation=\u00a0\u00bbappear\u00a0\u00bb button_block=\u00a0\u00bbtrue\u00a0\u00bb link=\u00a0\u00bburl:https%3A%2F%2Fwww.kalendes.com%2Fmaevaspa%2F%23%2Flink%2FPAGE%2FRESERVE\u00a0\u00bb]<div class=\"photo_box element_classes  without-desc\"><div class=\"image_frame\"><div class=\"image_wrapper\"><div class=\"mask\"><\/div><img loading=\"lazy\" decoding=\"async\" class=\"scale-with-grid\" src=\"https:\/\/cfeda.com\/paradis\/wp-content\/uploads\/2023\/01\/photo-site-web-banniere.png\" alt=\"photo site web banniere\" width=\"600\" height=\"400\"\/><\/div><\/div><\/div>\n[\/vc_column_inner][\/vc_row_inner][\/vc_column][\/vc_row][vc_row][vc_column width=\u00a0\u00bb1\/2&Prime; css=\u00a0\u00bb.vc_custom_1675175120446{background-image: url(http:\/\/cfeda.com\/paradis\/wp-content\/uploads\/2023\/01\/3-2.png?id=118) !important;background-position: center !important;background-repeat: no-repeat !important;background-size: contain !important;}\u00a0\u00bb][vc_single_image image=\u00a0\u00bb520&Prime; img_size=\u00a0\u00bbFULL\u00a0\u00bb alignment=\u00a0\u00bbcenter\u00a0\u00bb css=\u00a0\u00bb.vc_custom_1679394712405{margin-top: 10% !important;margin-bottom: 10% !important;}\u00a0\u00bb][\/vc_column][vc_column width=\u00a0\u00bb1\/2&Prime;][vc_column_text]<\/p>\n<h2 style=\"text-align: center;\"><span style=\"color: #e85418; font-family: arial, helvetica, sans-serif;\">Nos produits cosm\u00e9tiques<\/span><\/h2>\n<p>[\/vc_column_text][vc_separator color=\u00a0\u00bbcustom\u00a0\u00bb el_width=\u00a0\u00bb40&Prime; css_animation=\u00a0\u00bbleft-to-right\u00a0\u00bb accent_color=\u00a0\u00bb#561900&Prime;][vc_column_text]<\/p>\n<p style=\"text-align: center;\"><span style=\"color: #561900; font-family: arial, helvetica, sans-serif;\">Maeva SPA a choisi des marques cosm\u00e9tiques fran\u00e7aises, naturelles et \u00e9thiques. D\u00e9couvrez-les en d\u00e9tail :<\/span><\/p>\n<p>[\/vc_column_text][vc_separator color=\u00a0\u00bbcustom\u00a0\u00bb el_width=\u00a0\u00bb40&Prime; css_animation=\u00a0\u00bbleft-to-right\u00a0\u00bb accent_color=\u00a0\u00bb#561900&Prime;][vc_btn title=\u00a0\u00bbLa boutique\u00a0\u00bb style=\u00a0\u00bbcustom\u00a0\u00bb custom_background=\u00a0\u00bb#561900&Prime; custom_text=\u00a0\u00bb#ffffff\u00a0\u00bb align=\u00a0\u00bbcenter\u00a0\u00bb css_animation=\u00a0\u00bbappear\u00a0\u00bb button_block=\u00a0\u00bbtrue\u00a0\u00bb link=\u00a0\u00bburl:https%3A%2F%2Fwww.kalendes.com%2Fmaevaspa%2F%23%2Flink%2FPAGE%2FBUY\u00a0\u00bb css=\u00a0\u00bb.vc_custom_1679506211926{padding-right: 15% !important;padding-left: 15% !important;}\u00a0\u00bb][vc_column_text]<!-- KALENDES WIDGET --><script src=\"https:\/\/www.kalendes.com\/widget\/widget.js\" type=\"text\/javascript\"><\/script><script>\/*<![CDATA[*\/kalendes_host=\"maevaspa\";\/*]]>*\/<\/script><\/p>\n<div id=\"kalendes-widget-container\"><\/div>\n<p><!-- END OF KALENDES WIDGET -->[\/vc_column_text][\/vc_column][\/vc_row][vc_row][vc_column width=\u00a0\u00bb1\/6&Prime;]<div class=\"hover_box\"><a href=\"https:\/\/www.kalendes.com\/maevaspa\/#\/link\/FAMILLE\/60105\" ><div class=\"hover_box_wrapper\"><img loading=\"lazy\" decoding=\"async\" class=\"scale-with-grid visible_photo\" src=\"https:\/\/cfeda.com\/paradis\/wp-content\/uploads\/2023\/01\/2-5.png\" alt=\"2\" width=\"400\" height=\"400\"\/><img loading=\"lazy\" decoding=\"async\" class=\"scale-with-grid hidden_photo\" src=\"https:\/\/cfeda.com\/paradis\/wp-content\/uploads\/2023\/01\/1-5.png\" alt=\"1\" width=\"400\" height=\"400\"\/><\/div><\/a><\/div>\n[\/vc_column][vc_column width=\u00a0\u00bb1\/6&Prime;]<div class=\"hover_box\"><a href=\"https:\/\/www.kalendes.com\/maevaspa\/#\/link\/FAMILLE\/60103\" ><div class=\"hover_box_wrapper\"><img loading=\"lazy\" decoding=\"async\" class=\"scale-with-grid visible_photo\" src=\"https:\/\/cfeda.com\/paradis\/wp-content\/uploads\/2023\/01\/8.png\" alt=\"8\" width=\"400\" height=\"400\"\/><img loading=\"lazy\" decoding=\"async\" class=\"scale-with-grid hidden_photo\" src=\"https:\/\/cfeda.com\/paradis\/wp-content\/uploads\/2023\/01\/7.png\" alt=\"7\" width=\"400\" height=\"400\"\/><\/div><\/a><\/div>\n[\/vc_column][vc_column width=\u00a0\u00bb1\/6&Prime;]<div class=\"hover_box\"><a href=\"https:\/\/www.kalendes.com\/maevaspa\/#\/link\/FAMILLE\/60104\" ><div class=\"hover_box_wrapper\"><img loading=\"lazy\" decoding=\"async\" class=\"scale-with-grid visible_photo\" src=\"https:\/\/cfeda.com\/paradis\/wp-content\/uploads\/2023\/01\/6.png\" alt=\"6\" width=\"400\" height=\"400\"\/><img loading=\"lazy\" decoding=\"async\" class=\"scale-with-grid hidden_photo\" src=\"https:\/\/cfeda.com\/paradis\/wp-content\/uploads\/2023\/01\/5.png\" alt=\"5\" width=\"400\" height=\"400\"\/><\/div><\/a><\/div>\n[\/vc_column][vc_column width=\u00a0\u00bb1\/6&Prime;]<div class=\"hover_box\"><a href=\"https:\/\/www.kalendes.com\/maevaspa\/#\/link\/FAMILLE\/65120\" ><div class=\"hover_box_wrapper\"><img loading=\"lazy\" decoding=\"async\" class=\"scale-with-grid visible_photo\" src=\"https:\/\/cfeda.com\/paradis\/wp-content\/uploads\/2023\/01\/11.png\" alt=\"11\" width=\"400\" height=\"400\"\/><img loading=\"lazy\" decoding=\"async\" class=\"scale-with-grid hidden_photo\" src=\"https:\/\/cfeda.com\/paradis\/wp-content\/uploads\/2023\/01\/10.png\" alt=\"10\" width=\"400\" height=\"400\"\/><\/div><\/a><\/div>\n[\/vc_column][vc_column width=\u00a0\u00bb1\/6&Prime;]<div class=\"hover_box\"><a href=\"https:\/\/www.kalendes.com\/maevaspa\/#\/link\/FAMILLE\/67794\" ><div class=\"hover_box_wrapper\"><img loading=\"lazy\" decoding=\"async\" class=\"scale-with-grid visible_photo\" src=\"https:\/\/cfeda.com\/paradis\/wp-content\/uploads\/2023\/01\/4.png\" alt=\"4\" width=\"400\" height=\"400\"\/><img loading=\"lazy\" decoding=\"async\" class=\"scale-with-grid hidden_photo\" src=\"https:\/\/cfeda.com\/paradis\/wp-content\/uploads\/2023\/01\/3-4.png\" alt=\"3\" width=\"400\" height=\"400\"\/><\/div><\/a><\/div>\n[\/vc_column][vc_column width=\u00a0\u00bb1\/6&Prime;]<div class=\"hover_box\"><a href=\"https:\/\/www.kalendes.com\/maevaspa\/#\/link\/FAMILLE\/68248\" ><div class=\"hover_box_wrapper\"><img loading=\"lazy\" decoding=\"async\" class=\"scale-with-grid visible_photo\" src=\"https:\/\/cfeda.com\/paradis\/wp-content\/uploads\/2023\/02\/14.png\" alt=\"14\" width=\"400\" height=\"400\"\/><img loading=\"lazy\" decoding=\"async\" class=\"scale-with-grid hidden_photo\" src=\"https:\/\/cfeda.com\/paradis\/wp-content\/uploads\/2023\/02\/marques.png\" alt=\"marques\" width=\"400\" height=\"400\"\/><\/div><\/a><\/div>\n[\/vc_column][\/vc_row][vc_row][vc_column][vc_column_text css=\u00a0\u00bb.vc_custom_1679492931169{margin-top: 10% !important;}\u00a0\u00bb][trustindex no-registration=google][\/vc_column_text][vc_btn title=\u00a0\u00bbJe donne mon avis\u00a0\u00bb style=\u00a0\u00bbcustom\u00a0\u00bb custom_background=\u00a0\u00bb#561900&Prime; custom_text=\u00a0\u00bb#ffffff\u00a0\u00bb align=\u00a0\u00bbcenter\u00a0\u00bb css_animation=\u00a0\u00bbappear\u00a0\u00bb button_block=\u00a0\u00bbtrue\u00a0\u00bb link=\u00a0\u00bburl:https%3A%2F%2Fg.page%2Fr%2FCWaFxJHZppmxEAI%2Freview\u00a0\u00bb css=\u00a0\u00bb.vc_custom_1679506344522{padding-right: 15% !important;padding-left: 15% !important;}\u00a0\u00bb][\/vc_column][\/vc_row][vc_row][vc_column width=\u00a0\u00bb1\/2&Prime; css=\u00a0\u00bb.vc_custom_1675175120446{background-image: url(http:\/\/cfeda.com\/paradis\/wp-content\/uploads\/2023\/01\/3-2.png?id=118) !important;background-position: center !important;background-repeat: no-repeat !important;background-size: contain !important;}\u00a0\u00bb][vc_video link=\u00a0\u00bbhttps:\/\/youtu.be\/tZMLT9FtOGk\u00a0\u00bb][\/vc_column][vc_column width=\u00a0\u00bb1\/2&Prime;][vc_column_text]<\/p>\n<h2 style=\"text-align: center;\"><span style=\"color: #e85418; font-family: arial, helvetica, sans-serif;\">Le centre en images<\/span><\/h2>\n<p>[\/vc_column_text][vc_separator color=\u00a0\u00bbcustom\u00a0\u00bb el_width=\u00a0\u00bb40&Prime; css_animation=\u00a0\u00bbleft-to-right\u00a0\u00bb accent_color=\u00a0\u00bb#561900&Prime;][vc_column_text]<\/p>\n<p style=\"text-align: center;\"><span style=\"color: #561900; font-family: arial, helvetica, sans-serif;\">Un aper\u00e7u de Maeva Spa en vid\u00e9o afin de voyager dans notre univers<\/span><\/p>\n<p>[\/vc_column_text][vc_separator color=\u00a0\u00bbcustom\u00a0\u00bb el_width=\u00a0\u00bb40&Prime; css_animation=\u00a0\u00bbleft-to-right\u00a0\u00bb accent_color=\u00a0\u00bb#561900&Prime;][vc_btn title=\u00a0\u00bbLa chaine Youtube\u00a0\u00bb style=\u00a0\u00bbcustom\u00a0\u00bb custom_background=\u00a0\u00bb#561900&Prime; custom_text=\u00a0\u00bb#ffffff\u00a0\u00bb align=\u00a0\u00bbcenter\u00a0\u00bb css_animation=\u00a0\u00bbappear\u00a0\u00bb button_block=\u00a0\u00bbtrue\u00a0\u00bb link=\u00a0\u00bburl:https%3A%2F%2Fwww.youtube.com%2F%40maevaspa9366%2Ffeatured\u00a0\u00bb css=\u00a0\u00bb.vc_custom_1681384309765{padding-right: 15% !important;padding-left: 15% !important;}\u00a0\u00bb][vc_column_text]<!-- KALENDES WIDGET --><script src=\"https:\/\/www.kalendes.com\/widget\/widget.js\" type=\"text\/javascript\"><\/script><script>\/*<![CDATA[*\/kalendes_host=\"maevaspa\";\/*]]>*\/<\/script><\/p>\n<div id=\"kalendes-widget-container\"><\/div>\n<p><!-- END OF KALENDES WIDGET -->[\/vc_column_text][\/vc_column][\/vc_row]<\/p>\n","protected":false},"excerpt":{"rendered":"<p>[vc_row full_width=\u00a0\u00bbstretch_row_content\u00a0\u00bb][vc_column css=\u00a0\u00bb.vc_custom_1678092067661{margin-bottom: % !important;}\u00a0\u00bb][vc_column_text css=\u00a0\u00bb.vc_custom_1679237636082{margin-top: 5% !important;margin-bottom: 5% !important;}\u00a0\u00bb] Pour quelques heures, laissez-vous d\u00e9voiler les secrets du bien-\u00eatre. &nbsp; Ouvert \u00e0 l&rsquo;ann\u00e9e, sur rendez vous,<span class=\"excerpt-hellip\"> [\u2026]<\/span><\/p>\n","protected":false},"author":1,"featured_media":0,"parent":0,"menu_order":0,"comment_status":"closed","ping_status":"closed","template":"","meta":{"footnotes":""},"class_list":["post-123","page","type-page","status-publish","hentry"],"_links":{"self":[{"href":"https:\/\/cfeda.com\/paradis\/wp-json\/wp\/v2\/pages\/123","targetHints":{"allow":["GET"]}}],"collection":[{"href":"https:\/\/cfeda.com\/paradis\/wp-json\/wp\/v2\/pages"}],"about":[{"href":"https:\/\/cfeda.com\/paradis\/wp-json\/wp\/v2\/types\/page"}],"author":[{"embeddable":true,"href":"https:\/\/cfeda.com\/paradis\/wp-json\/wp\/v2\/users\/1"}],"replies":[{"embeddable":true,"href":"https:\/\/cfeda.com\/paradis\/wp-json\/wp\/v2\/comments?post=123"}],"version-history":[{"count":54,"href":"https:\/\/cfeda.com\/paradis\/wp-json\/wp\/v2\/pages\/123\/revisions"}],"predecessor-version":[{"id":674,"href":"https:\/\/cfeda.com\/paradis\/wp-json\/wp\/v2\/pages\/123\/revisions\/674"}],"wp:attachment":[{"href":"https:\/\/cfeda.com\/paradis\/wp-json\/wp\/v2\/media?parent=123"}],"curies":[{"name":"wp","href":"https:\/\/api.w.org\/{rel}","templated":true}]}}