{"id":380,"date":"2025-05-09T11:33:34","date_gmt":"2025-05-09T09:33:34","guid":{"rendered":"https:\/\/cfeda.com\/ms\/?page_id=380"},"modified":"2025-06-05T18:55:41","modified_gmt":"2025-06-05T16:55:41","slug":"rokia-plan","status":"publish","type":"page","link":"https:\/\/cfeda.com\/ms\/rokia-plan\/","title":{"rendered":"Rokia Plan"},"content":{"rendered":"<p>[et_pb_section fb_built=\u00a0\u00bb1&Prime; _builder_version=\u00a0\u00bb4.27.4&Prime; _module_preset=\u00a0\u00bbdefault\u00a0\u00bb background_color=\u00a0\u00bb#181618&Prime; global_colors_info=\u00a0\u00bb{}\u00a0\u00bb][et_pb_row _builder_version=\u00a0\u00bb4.27.4&Prime; _module_preset=\u00a0\u00bbdefault\u00a0\u00bb hover_enabled=\u00a0\u00bb0&Prime; global_colors_info=\u00a0\u00bb{}\u00a0\u00bb sticky_enabled=\u00a0\u00bb0&Prime;][et_pb_column type=\u00a0\u00bb4_4&Prime; _builder_version=\u00a0\u00bb4.27.4&Prime; _module_preset=\u00a0\u00bbdefault\u00a0\u00bb global_colors_info=\u00a0\u00bb{}\u00a0\u00bb][et_pb_pricing_tables featured_table_background_color=\u00a0\u00bb#E09900&Prime; featured_table_header_background_color=\u00a0\u00bb#000000&Prime; header_background_color=\u00a0\u00bb#181618&Prime; featured_table_text_color=\u00a0\u00bb#000000&Prime; featured_table_bullet_color=\u00a0\u00bb#E09900&Prime; bullet_color=\u00a0\u00bb#E09900&Prime; show_featured_drop_shadow=\u00a0\u00bboff\u00a0\u00bb featured_table_price_background_color=\u00a0\u00bb#000000&Prime; featured_table_price_color=\u00a0\u00bb#FFFFFF\u00a0\u00bb featured_table_currency_frequency_text_color=\u00a0\u00bb#E09900&Prime; disabled_on=\u00a0\u00bboff|off|off\u00a0\u00bb _builder_version=\u00a0\u00bb4.27.4&Prime; _module_preset=\u00a0\u00bbdefault\u00a0\u00bb currency_frequency_text_color=\u00a0\u00bb#E09900&Prime; price_text_color=\u00a0\u00bb#E09900&Prime; price_font_size=\u00a0\u00bb48px\u00a0\u00bb custom_button=\u00a0\u00bbon\u00a0\u00bb button_text_size=\u00a0\u00bb15px\u00a0\u00bb button_text_color=\u00a0\u00bb#FFFFFF\u00a0\u00bb button_bg_color=\u00a0\u00bb#E09900&Prime; button_border_width=\u00a0\u00bb0px\u00a0\u00bb button_border_radius=\u00a0\u00bb10px\u00a0\u00bb custom_margin=\u00a0\u00bb|0px||0px|false|false\u00a0\u00bb custom_padding=\u00a0\u00bb|||5px|false|false\u00a0\u00bb hover_enabled=\u00a0\u00bb0&Prime; border_radii=\u00a0\u00bbon|16px|16px|16px|16px\u00a0\u00bb border_color_all=\u00a0\u00bb#757575&Prime; global_colors_info=\u00a0\u00bb{}\u00a0\u00bb sticky_enabled=\u00a0\u00bb0&Prime;][et_pb_pricing_table title=\u00a0\u00bbGRATUIT\u00a0\u00bb subtitle=\u00a0\u00bb11 fonctions cl\u00e9s\u00a0\u00bb currency=\u00a0\u00bb\u20ac\u00a0\u00bb per=\u00a0\u00bbmois\u00a0\u00bb sum=\u00a0\u00bb0&Prime; button_url=\u00a0\u00bbhttp:\/\/GOOGLE.COM\u00a0\u00bb button_text=\u00a0\u00bbS&rsquo;ABONNER\u00a0\u00bb _builder_version=\u00a0\u00bb4.27.4&Prime; _module_preset=\u00a0\u00bbdefault\u00a0\u00bb global_colors_info=\u00a0\u00bb{}\u00a0\u00bb sticky_transition=\u00a0\u00bbon\u00a0\u00bb]<\/p>\n<p><span style=\"color: #ff9900;\">Ranking<strong> joueur (bient\u00f4t disponnible)<\/strong><\/span><\/p>\n<p><span>Acc\u00e8s aux statistiques simple joueurs<\/span><\/p>\n<p><span>Acc\u00e8s aux statistiques <strong>avanc\u00e9es<\/strong> joueurs<\/span><\/p>\n<p>Acc\u00e8s fiche joueur\/joueurs<\/p>\n<p>Acc\u00e8s matchs joueur\/joueurs<\/p>\n<p>Acc\u00e8s aux statistiques simple mach\/joueur<\/p>\n<p>Acc\u00e8s aux statistique avanc\u00e9es match\/joueur<\/p>\n<p>Actualit\u00e9<\/p>\n<p><strong>Saisie donn\u00e9es match am\u00e9lior\u00e9 live (en temps r\u00e9\u00e9l)<\/strong><\/p>\n<p>Saisie donn\u00e9es match<\/p>\n<p>Lexiques acc\u00e8s aux vocabulaires<\/p>\n<p>[\/et_pb_pricing_table][et_pb_pricing_table featured=\u00a0\u00bbon\u00a0\u00bb title=\u00a0\u00bbStandard\u00a0\u00bb subtitle=\u00a0\u00bb16 fonctions cl\u00e9s\u00a0\u00bb currency=\u00a0\u00bb\u20ac\u00a0\u00bb per=\u00a0\u00bbmois\u00a0\u00bb sum=\u00a0\u00bb9,90&Prime; button_url=\u00a0\u00bbhttp:\/\/GOOGLE.COM\u00a0\u00bb button_text=\u00a0\u00bbS&rsquo;ABONNER\u00a0\u00bb price_background_color=\u00a0\u00bb#FFFFFF\u00a0\u00bb header_background_color=\u00a0\u00bb#E09900&Prime; _builder_version=\u00a0\u00bb4.27.4&Prime; _module_preset=\u00a0\u00bbdefault\u00a0\u00bb price_text_color=\u00a0\u00bb#E09900&Prime; body_text_color=\u00a0\u00bb#000000&Prime; background_color=\u00a0\u00bb#ffffff\u00a0\u00bb background_enable_color=\u00a0\u00bbon\u00a0\u00bb global_colors_info=\u00a0\u00bb{}\u00a0\u00bb sticky_transition=\u00a0\u00bbon\u00a0\u00bb]<\/p>\n<p><span style=\"color: #ff9900;\"><strong>Ranking joueur <\/strong>(bient\u00f4t disponnible)<\/span><\/p>\n<p><span style=\"color: #ff9900;\"><strong>Ranking joueurs <\/strong>(bient\u00f4t disponnible)<\/span><\/p>\n<p><span>Acc\u00e8s aux statistiques simple joueurs<\/span><\/p>\n<p><span>Acc\u00e8s aux statistiques <strong>avanc\u00e9es<\/strong> joueurs<\/span><\/p>\n<p><span>Acc\u00e8s aux statistiques <strong>complexe<\/strong> joueurs<\/span><\/p>\n<p>Acc\u00e8s fiche joueur\/joueurs<\/p>\n<p>Acc\u00e8s matchs joueur\/joueur<\/p>\n<p>Acc\u00e8s aux statistiques simple mach\/joueur<\/p>\n<p>Acc\u00e8s aux statistique avanc\u00e9es match\/joueur<\/p>\n<p>Actualit\u00e9<\/p>\n<p><strong>Saisie donn\u00e9es match am\u00e9lior\u00e9 live (en temps r\u00e9\u00e9l)<\/strong><\/p>\n<p>Saisie donn\u00e9es match<\/p>\n<p>Lexiques acc\u00e8s aux vocabulaires<\/p>\n<p><strong>Acc\u00e8s illimit\u00e9 aux analyses joueur<\/strong><\/p>\n<p><strong>Acc\u00e8s illimit\u00e9 aux analyste match joueur<\/strong><\/p>\n<p><strong>Recommandations de travail joueur<\/strong><\/p>\n<p>[\/et_pb_pricing_table][et_pb_pricing_table title=\u00a0\u00bbPRO\u00a0\u00bb subtitle=\u00a0\u00bb19 fonctions cl\u00e9s\u00a0\u00bb currency=\u00a0\u00bb\u20ac\u00a0\u00bb per=\u00a0\u00bbmois\u00a0\u00bb sum=\u00a0\u00bb11,90&Prime; button_url=\u00a0\u00bbhttp:\/\/google.fr\u00a0\u00bb button_text=\u00a0\u00bbS&rsquo;ABONNER\u00a0\u00bb bullet_color=\u00a0\u00bb#E09900&Prime; price_background_color=\u00a0\u00bb#FFFFFF\u00a0\u00bb header_background_color=\u00a0\u00bb#161816&Prime; _builder_version=\u00a0\u00bb4.27.4&Prime; _module_preset=\u00a0\u00bbdefault\u00a0\u00bb body_text_color=\u00a0\u00bb#000000&Prime; currency_frequency_text_color=\u00a0\u00bb#E09900&Prime; custom_button=\u00a0\u00bbon\u00a0\u00bb button_text_color=\u00a0\u00bb#FFFFFF\u00a0\u00bb button_bg_color=\u00a0\u00bb#E09900&Prime; global_colors_info=\u00a0\u00bb{}\u00a0\u00bb sticky_transition=\u00a0\u00bbon\u00a0\u00bb]<\/p>\n<p><span style=\"color: #ff9900;\"><strong>Ranking joueur <\/strong>(bient\u00f4t disponnible)<\/span><\/p>\n<p><span style=\"color: #ff9900;\"><strong>Ranking joueurs <\/strong>(bient\u00f4t disponnible)<\/span><\/p>\n<p><span>Acc\u00e8s aux statistiques simple joueurs<\/span><\/p>\n<p><span>Acc\u00e8s aux statistiques <strong>avanc\u00e9es<\/strong> joueurs<\/span><\/p>\n<p><span>Acc\u00e8s aux statistiques <strong>complexe<\/strong> joueurs<\/span><\/p>\n<p>Acc\u00e8s fiche joueur\/joueurs<\/p>\n<p>Acc\u00e8s matchs joueur\/joueur<\/p>\n<p>Acc\u00e8s aux statistiques simple mach\/joueur<\/p>\n<p>Acc\u00e8s aux statistique avanc\u00e9es match\/joueur<\/p>\n<p>Acc\u00e8s aux statistique complexes match\/joueur<\/p>\n<p>Actualit\u00e9<\/p>\n<p><strong>Saisie donn\u00e9es match am\u00e9lior\u00e9 live (en temps r\u00e9\u00e9l)<\/strong><\/p>\n<p>Saisie donn\u00e9es match<\/p>\n<p>Lexiques acc\u00e8s aux vocabulaires<\/p>\n<p>Acc\u00e8s illimit\u00e9 aux analyses joueur<\/p>\n<p>Acc\u00e8s illimit\u00e9 aux analyste match joueur<\/p>\n<p>Recommandations de travail joueur<\/p>\n<p><strong>Acc\u00e8s rapport scouting joueur<\/strong><\/p>\n<p>[\/et_pb_pricing_table][\/et_pb_pricing_tables][et_pb_text _builder_version=\u00a0\u00bb4.27.4&Prime; _module_preset=\u00a0\u00bbdefault\u00a0\u00bb global_colors_info=\u00a0\u00bb{}\u00a0\u00bb]<script async src=\"https:\/\/js.stripe.com\/v3\/pricing-table.js\"><\/script><br \/>\n<stripe-pricing-table pricing-table-id=\"prctbl_1RSxwMQBsZXM7r90Cm6m296J\"\npublishable-key=\"pk_test_51RREq5QBsZXM7r90OxIC8JT61kRsfUxrQbnSHlpzgs2bKJbGrhTCcx3n5y0w1P9FpkpP5uaoS4KJf31Leo2uT7cs00wD83dB2P\"><br \/>\n<\/stripe-pricing-table>[\/et_pb_text][\/et_pb_column][\/et_pb_row][et_pb_row _builder_version=\u00a0\u00bb4.27.4&Prime; _module_preset=\u00a0\u00bbdefault\u00a0\u00bb global_colors_info=\u00a0\u00bb{}\u00a0\u00bb][et_pb_column type=\u00a0\u00bb4_4&Prime; _builder_version=\u00a0\u00bb4.27.4&Prime; _module_preset=\u00a0\u00bbdefault\u00a0\u00bb global_colors_info=\u00a0\u00bb{}\u00a0\u00bb][et_pb_pricing_tables featured_table_background_color=\u00a0\u00bb#E09900&Prime; featured_table_header_background_color=\u00a0\u00bb#000000&Prime; header_background_color=\u00a0\u00bb#181618&Prime; featured_table_bullet_color=\u00a0\u00bb#E09900&Prime; bullet_color=\u00a0\u00bb#E09900&Prime; show_featured_drop_shadow=\u00a0\u00bboff\u00a0\u00bb featured_table_price_background_color=\u00a0\u00bb#000000&Prime; featured_table_price_color=\u00a0\u00bb#FFFFFF\u00a0\u00bb featured_table_currency_frequency_text_color=\u00a0\u00bb#E09900&Prime; disabled_on=\u00a0\u00bboff|off|off\u00a0\u00bb _builder_version=\u00a0\u00bb4.27.4&Prime; _module_preset=\u00a0\u00bbdefault\u00a0\u00bb currency_frequency_text_color=\u00a0\u00bb#E09900&Prime; price_text_color=\u00a0\u00bb#E09900&Prime; price_font_size=\u00a0\u00bb48px\u00a0\u00bb custom_button=\u00a0\u00bbon\u00a0\u00bb button_text_size=\u00a0\u00bb15px\u00a0\u00bb button_text_color=\u00a0\u00bb#FFFFFF\u00a0\u00bb button_bg_color=\u00a0\u00bb#E09900&Prime; button_border_width=\u00a0\u00bb0px\u00a0\u00bb button_border_radius=\u00a0\u00bb10px\u00a0\u00bb custom_margin=\u00a0\u00bb|0px||0px|false|false\u00a0\u00bb hover_enabled=\u00a0\u00bb0&Prime; border_radii=\u00a0\u00bbon|12px|12px|12px|12px\u00a0\u00bb border_color_all=\u00a0\u00bb#565656&Prime; global_colors_info=\u00a0\u00bb{}\u00a0\u00bb sticky_enabled=\u00a0\u00bb0&Prime;][et_pb_pricing_table title=\u00a0\u00bbCoach\u00a0\u00bb subtitle=\u00a0\u00bbEquipe jusqu&rsquo;\u00e0 14 joueurs\u00a0\u00bb currency=\u00a0\u00bb\u20ac\u00a0\u00bb per=\u00a0\u00bbmois\u00a0\u00bb sum=\u00a0\u00bb29,99&Prime; button_url=\u00a0\u00bbhttp:\/\/GOOGLE.COM\u00a0\u00bb button_text=\u00a0\u00bbS&rsquo;ABONNER\u00a0\u00bb _builder_version=\u00a0\u00bb4.27.4&Prime; _module_preset=\u00a0\u00bbdefault\u00a0\u00bb global_colors_info=\u00a0\u00bb{}\u00a0\u00bb sticky_transition=\u00a0\u00bbon\u00a0\u00bb]<span style=\"color: #000000;\">Tous les avantages Standad<\/span><\/span><\/p>\n<p><b>Acc\u00e8s fiche \u00e9quipe (1 \u00e9quipe, jusqu&rsquo;\u00e0 14 joueurs)<\/b><\/p>\n<p><b>Acc\u00e8s statistiques \u00e9quipe\u00a0<\/b><\/p>\n<p><b>Filtre joueurs \u00e9quipe<\/b>[\/et_pb_pricing_table][et_pb_pricing_table featured=\u00a0\u00bbon\u00a0\u00bb title=\u00a0\u00bbScout\u00a0\u00bb subtitle=\u00a0\u00bbVue god mode\u00a0\u00bb currency=\u00a0\u00bb\u20ac\u00a0\u00bb per=\u00a0\u00bbmois\u00a0\u00bb sum=\u00a0\u00bb49,99&Prime; button_url=\u00a0\u00bbhttp:\/\/google.fr\u00a0\u00bb button_text=\u00a0\u00bbS&rsquo;ABONNER\u00a0\u00bb bullet_color=\u00a0\u00bb#E09900&Prime; price_background_color=\u00a0\u00bb#FFFFFF\u00a0\u00bb header_background_color=\u00a0\u00bb#E09900&Prime; _builder_version=\u00a0\u00bb4.27.4&Prime; _module_preset=\u00a0\u00bbdefault\u00a0\u00bb price_text_color=\u00a0\u00bb#E09900&Prime; body_text_color=\u00a0\u00bb#000000&Prime; currency_frequency_text_color=\u00a0\u00bb#E09900&Prime; background_color=\u00a0\u00bb#FFFFFF\u00a0\u00bb background_enable_color=\u00a0\u00bbon\u00a0\u00bb custom_button=\u00a0\u00bbon\u00a0\u00bb button_text_color=\u00a0\u00bb#FFFFFF\u00a0\u00bb button_bg_color=\u00a0\u00bb#E09900&Prime; global_colors_info=\u00a0\u00bb{}\u00a0\u00bb sticky_transition=\u00a0\u00bbon\u00a0\u00bb]<\/p>\n<p>Tous les avantages PRO<\/p>\n<p>Tous les avantages Coach<\/p>\n<p><strong>Rapports Scouting joueurs illimit\u00e9s<\/strong><\/p>\n<p><strong>Acc\u00e8s recherche avanc\u00e9e<\/strong><\/p>\n<p><strong>Acc\u00e8s recherche assist\u00e9 par IA<\/strong><\/p>\n<p>[\/et_pb_pricing_table][\/et_pb_pricing_tables][et_pb_text _builder_version=\u00a0\u00bb4.27.4&Prime; _module_preset=\u00a0\u00bbdefault\u00a0\u00bb global_colors_info=\u00a0\u00bb{}\u00a0\u00bb]<\/p>\n<p>\n<script async=\"\" src=\"https:\/\/js.stripe.com\/v3\/pricing-table.js\"><\/script><\/p>\n<p><stripe-pricing-table pricing-table-id=\"prctbl_1RSyIQQBsZXM7r90JPzG2JOX\" publishable-key=\"pk_test_51RREq5QBsZXM7r90OxIC8JT61kRsfUxrQbnSHlpzgs2bKJbGrhTCcx3n5y0w1P9FpkpP5uaoS4KJf31Leo2uT7cs00wD83dB2P\"><br \/><\/stripe-pricing-table><\/p>\n<p>[\/et_pb_text][\/et_pb_column][\/et_pb_row][\/et_pb_section]<\/p>\n","protected":false},"excerpt":{"rendered":"<p>Ranking joueur (bient\u00f4t disponnible) Acc\u00e8s aux statistiques simple joueurs Acc\u00e8s aux statistiques avanc\u00e9es joueurs Acc\u00e8s fiche joueur\/joueurs Acc\u00e8s matchs joueur\/joueurs Acc\u00e8s aux statistiques simple mach\/joueur Acc\u00e8s aux statistique avanc\u00e9es match\/joueur Actualit\u00e9 Saisie donn\u00e9es match am\u00e9lior\u00e9 live (en temps r\u00e9\u00e9l) Saisie donn\u00e9es match Lexiques acc\u00e8s aux vocabulairesRanking joueur (bient\u00f4t disponnible) Ranking joueurs (bient\u00f4t disponnible) Acc\u00e8s aux [&hellip;]<\/p>\n","protected":false},"author":1,"featured_media":0,"parent":0,"menu_order":0,"comment_status":"closed","ping_status":"closed","template":"page-template-blank.php","meta":{"_et_pb_use_builder":"on","_et_pb_old_content":"","_et_gb_content_width":"","footnotes":""},"dipi_cpt_category":[],"class_list":["post-380","page","type-page","status-publish","hentry"],"_links":{"self":[{"href":"https:\/\/cfeda.com\/ms\/wp-json\/wp\/v2\/pages\/380","targetHints":{"allow":["GET"]}}],"collection":[{"href":"https:\/\/cfeda.com\/ms\/wp-json\/wp\/v2\/pages"}],"about":[{"href":"https:\/\/cfeda.com\/ms\/wp-json\/wp\/v2\/types\/page"}],"author":[{"embeddable":true,"href":"https:\/\/cfeda.com\/ms\/wp-json\/wp\/v2\/users\/1"}],"replies":[{"embeddable":true,"href":"https:\/\/cfeda.com\/ms\/wp-json\/wp\/v2\/comments?post=380"}],"version-history":[{"count":20,"href":"https:\/\/cfeda.com\/ms\/wp-json\/wp\/v2\/pages\/380\/revisions"}],"predecessor-version":[{"id":411,"href":"https:\/\/cfeda.com\/ms\/wp-json\/wp\/v2\/pages\/380\/revisions\/411"}],"wp:attachment":[{"href":"https:\/\/cfeda.com\/ms\/wp-json\/wp\/v2\/media?parent=380"}],"wp:term":[{"taxonomy":"dipi_cpt_category","embeddable":true,"href":"https:\/\/cfeda.com\/ms\/wp-json\/wp\/v2\/dipi_cpt_category?post=380"}],"curies":[{"name":"wp","href":"https:\/\/api.w.org\/{rel}","templated":true}]}}