{"id":169,"date":"2022-09-21T17:22:45","date_gmt":"2022-09-21T15:22:45","guid":{"rendered":"https:\/\/cfeda.com\/Economiam\/?page_id=169"},"modified":"2022-10-19T09:27:50","modified_gmt":"2022-10-19T07:27:50","slug":"livre-dor-avis-clients","status":"publish","type":"page","link":"https:\/\/cfeda.com\/Economiam\/livre-dor-avis-clients\/","title":{"rendered":"Livre d&rsquo;or &#8211; Avis clients"},"content":{"rendered":"<p>[et_pb_section fb_built=\u00a0\u00bb1&Prime; _builder_version=\u00a0\u00bb4.9.4&Prime; _module_preset=\u00a0\u00bbdefault\u00a0\u00bb background_image=\u00a0\u00bbhttps:\/\/cfeda.com\/Economiam\/wp-content\/uploads\/2022\/10\/Arome-Beaute\u0301-Institut-de-Beaute\u0301-Tyrosse-10.jpg\u00a0\u00bb background_position=\u00a0\u00bbtop_right\u00a0\u00bb][et_pb_row _builder_version=\u00a0\u00bb4.9.4&Prime; _module_preset=\u00a0\u00bbdefault\u00a0\u00bb min_height=\u00a0\u00bb311px\u00a0\u00bb custom_padding=\u00a0\u00bb||162px|||\u00a0\u00bb][et_pb_column type=\u00a0\u00bb4_4&Prime; _builder_version=\u00a0\u00bb4.9.4&Prime; _module_preset=\u00a0\u00bbdefault\u00a0\u00bb][et_pb_code _builder_version=\u00a0\u00bb4.9.4&Prime; _module_preset=\u00a0\u00bbdefault\u00a0\u00bb][\/et_pb_code][\/et_pb_column][\/et_pb_row][\/et_pb_section][et_pb_section fb_built=\u00a0\u00bb1&Prime; _builder_version=\u00a0\u00bb4.9.4&Prime; _module_preset=\u00a0\u00bbdefault\u00a0\u00bb][et_pb_row _builder_version=\u00a0\u00bb4.9.4&Prime; _module_preset=\u00a0\u00bbdefault\u00a0\u00bb][et_pb_column type=\u00a0\u00bb4_4&Prime; _builder_version=\u00a0\u00bb4.9.4&Prime; _module_preset=\u00a0\u00bbdefault\u00a0\u00bb][et_pb_text _builder_version=\u00a0\u00bb4.9.4&Prime; _module_preset=\u00a0\u00bbdefault\u00a0\u00bb]<\/p>\n<h1>Livre d&rsquo;or et Avis clients<\/h1>\n<p>[\/et_pb_text][et_pb_button button_url=\u00a0\u00bbhttps:\/\/www.institutaromebeaute.fr\/customerPost\u00a0\u00bb url_new_window=\u00a0\u00bbon\u00a0\u00bb button_text=\u00a0\u00bbDONNER VOTRE AVIS\u00a0\u00bb button_alignment=\u00a0\u00bbleft\u00a0\u00bb _builder_version=\u00a0\u00bb4.9.4&Prime; _module_preset=\u00a0\u00bbdefault\u00a0\u00bb custom_button=\u00a0\u00bbon\u00a0\u00bb button_text_color=\u00a0\u00bb#d5b46d\u00a0\u00bb][\/et_pb_button][et_pb_testimonial author=\u00a0\u00bbLaussu Christelle\u00a0\u00bb job_title=\u00a0\u00bb\u2b50\ufe0f\u2b50\ufe0f\u2b50\ufe0f\u2b50\ufe0f\u2b50\ufe0f\u00a0\u00bb company_name=\u00a0\u00bb20\/04\/2022&Prime; portrait_url=\u00a0\u00bbdata:image\/svg+xml;base64,PHN2ZyB3aWR0aD0iNTAwIiBoZWlnaHQ9IjUwMCIgdmlld0JveD0iMCAwIDUwMCA1MDAiIHhtbG5zPSJodHRwOi8vd3d3LnczLm9yZy8yMDAwL3N2ZyI+CiAgICA8ZyBmaWxsPSJub25lIiBmaWxsLXJ1bGU9ImV2ZW5vZGQiPgogICAgICAgIDxwYXRoIGZpbGw9IiNFQkVCRUIiIGQ9Ik0wIDBoNTAwdjUwMEgweiIvPgogICAgICAgIDxyZWN0IGZpbGwtb3BhY2l0eT0iLjEiIGZpbGw9IiMwMDAiIHg9IjY4IiB5PSIzMDUiIHdpZHRoPSIzNjQiIGhlaWdodD0iNTY4IiByeD0iMTgyIi8+CiAgICAgICAgPGNpcmNsZSBmaWxsLW9wYWNpdHk9Ii4xIiBmaWxsPSIjMDAwIiBjeD0iMjQ5IiBjeT0iMTcyIiByPSIxMDAiLz4KICAgIDwvZz4KPC9zdmc+Cg==\u00a0\u00bb _builder_version=\u00a0\u00bb4.9.4&Prime; _module_preset=\u00a0\u00bbdefault\u00a0\u00bb animation_style=\u00a0\u00bbfade\u00a0\u00bb]<\/p>\n<h3><span>Que du bonheur<\/span><\/h3>\n<p><span>Si vous recherchez une esth\u00e9ticienne magique, douce et attentive au moindre sens du detail et du bien \u00eatre, n&rsquo;allez pas voir ailleur, c&rsquo;est ici. Epilation zero douleur, perfection et d\u00e9tente. Je recommande les yeux ferm\u00e9s et je suis tent\u00e9e pour d&rsquo;autres prestations, a l&rsquo;avenir. Vanessa est une p\u00e9pite<\/span><\/p>\n<p>[\/et_pb_testimonial][et_pb_testimonial author=\u00a0\u00bbDel Molino Gomes Naya\u00a0\u00bb job_title=\u00a0\u00bb\u2b50\ufe0f\u2b50\ufe0f\u2b50\ufe0f\u2b50\ufe0f\u2b50\ufe0f\u00a0\u00bb company_name=\u00a0\u00bb03\/12\/2020&Prime; portrait_url=\u00a0\u00bbdata:image\/svg+xml;base64,PHN2ZyB3aWR0aD0iNTAwIiBoZWlnaHQ9IjUwMCIgdmlld0JveD0iMCAwIDUwMCA1MDAiIHhtbG5zPSJodHRwOi8vd3d3LnczLm9yZy8yMDAwL3N2ZyI+CiAgICA8ZyBmaWxsPSJub25lIiBmaWxsLXJ1bGU9ImV2ZW5vZGQiPgogICAgICAgIDxwYXRoIGZpbGw9IiNFQkVCRUIiIGQ9Ik0wIDBoNTAwdjUwMEgweiIvPgogICAgICAgIDxyZWN0IGZpbGwtb3BhY2l0eT0iLjEiIGZpbGw9IiMwMDAiIHg9IjY4IiB5PSIzMDUiIHdpZHRoPSIzNjQiIGhlaWdodD0iNTY4IiByeD0iMTgyIi8+CiAgICAgICAgPGNpcmNsZSBmaWxsLW9wYWNpdHk9Ii4xIiBmaWxsPSIjMDAwIiBjeD0iMjQ5IiBjeT0iMTcyIiByPSIxMDAiLz4KICAgIDwvZz4KPC9zdmc+Cg==\u00a0\u00bb _builder_version=\u00a0\u00bb4.9.4&Prime; _module_preset=\u00a0\u00bbdefault\u00a0\u00bb animation_style=\u00a0\u00bbfade\u00a0\u00bb animation_duration=\u00a0\u00bb1200ms\u00a0\u00bb]<\/p>\n<h3 class=\"ng-binding\">Je recommande<\/h3>\n<p ng-bind-html=\"customerPostView.text\" class=\"ng-binding\">Institut tr\u00e8s agr\u00e9able, produits de qualit\u00e9.<br \/>Les prestations sont de haute qualit\u00e9, l&rsquo;endroit id\u00e9al pour ce faire dorloter par les mains expertes de Vanessa<\/p>\n<p>[\/et_pb_testimonial][et_pb_testimonial author=\u00a0\u00bbNeto Cremilde\u00a0\u00bb job_title=\u00a0\u00bb\u2b50\ufe0f\u2b50\ufe0f\u2b50\ufe0f\u2b50\ufe0f\u2b50\ufe0f\u00a0\u00bb company_name=\u00a0\u00bb20\/11\/2020&Prime; portrait_url=\u00a0\u00bbdata:image\/svg+xml;base64,PHN2ZyB3aWR0aD0iNTAwIiBoZWlnaHQ9IjUwMCIgdmlld0JveD0iMCAwIDUwMCA1MDAiIHhtbG5zPSJodHRwOi8vd3d3LnczLm9yZy8yMDAwL3N2ZyI+CiAgICA8ZyBmaWxsPSJub25lIiBmaWxsLXJ1bGU9ImV2ZW5vZGQiPgogICAgICAgIDxwYXRoIGZpbGw9IiNFQkVCRUIiIGQ9Ik0wIDBoNTAwdjUwMEgweiIvPgogICAgICAgIDxyZWN0IGZpbGwtb3BhY2l0eT0iLjEiIGZpbGw9IiMwMDAiIHg9IjY4IiB5PSIzMDUiIHdpZHRoPSIzNjQiIGhlaWdodD0iNTY4IiByeD0iMTgyIi8+CiAgICAgICAgPGNpcmNsZSBmaWxsLW9wYWNpdHk9Ii4xIiBmaWxsPSIjMDAwIiBjeD0iMjQ5IiBjeT0iMTcyIiByPSIxMDAiLz4KICAgIDwvZz4KPC9zdmc+Cg==\u00a0\u00bb _builder_version=\u00a0\u00bb4.9.4&Prime; _module_preset=\u00a0\u00bbdefault\u00a0\u00bb animation_style=\u00a0\u00bbfade\u00a0\u00bb animation_duration=\u00a0\u00bb1500ms\u00a0\u00bb]<\/p>\n<h3 class=\"ng-binding\">Je recommande!!!<\/h3>\n<p ng-bind-html=\"customerPostView.text\" class=\"ng-binding\">Cadre agr\u00e9able. Tr\u00e8s bonnes prestations<br \/>Bons conseils. Une super Vanessa<\/p>\n<p>[\/et_pb_testimonial][\/et_pb_column][\/et_pb_row][et_pb_row _builder_version=\u00a0\u00bb4.9.4&Prime; _module_preset=\u00a0\u00bbdefault\u00a0\u00bb][et_pb_column _builder_version=\u00a0\u00bb4.9.4&Prime; _module_preset=\u00a0\u00bbdefault\u00a0\u00bb type=\u00a0\u00bb4_4&Prime;][et_pb_text _builder_version=\u00a0\u00bb4.9.4&Prime; _module_preset=\u00a0\u00bbdefault\u00a0\u00bb hover_enabled=\u00a0\u00bb0&Prime; sticky_enabled=\u00a0\u00bb0&Prime;]<a style=\"cursor: pointer;\" href=\"https:\/\/www.google.com\/maps\/contrib\/109641564274648834943?hl=fr&amp;sa=X&amp;ved=2ahUKEwiRyJez4ev6AhUZNxoKHb-PDr4QvfQBegQIARB-\" tabindex=\"-1\"><img decoding=\"async\" class=\"lDY1rd\" alt=\"maite Hallard\" src=\"https:\/\/lh3.googleusercontent.com\/a\/ALm5wu0KJMYkbAlyxYA36motbIbScXnsoxWCNHBSiRzA=s40-c-c0x00000000-cc-rp-mo-br100\" \/><\/a><br \/>\n<g-dropdown-menu class=\"ERM0Ve\" jscontroller=\"pFsdhd\" jsdata=\"xJGXK;_;BDqSeo\" jsshadow=\"\" jsaction=\"rcuQ6b:npT2md;mMf61e:GKlhgf;YraOve:cCpuJc;kNOP9c:bzkPEc;hmb6Ye:oyYkKb;KyPa0e:G8Ofmd;wjOG7e:rWoVB;ZvRO4b:L76sMb;LyWNEf:L76sMb\"><g-popup jsname=\"zpo2ue\" jscontroller=\"DPreE\" jsaction=\"A05xBd:IYtByb;EOZ57e:WFrRFb;\" jsdata=\"mVjAjf;_;BDqSes\" id=\"ow588\" __is_owner=\"true\"><\/p>\n<div jsname=\"oYxtQd\" class=\"rIbAWc\" aria-expanded=\"false\" aria-haspopup=\"true\" jsslot=\"\" role=\"button\" tabindex=\"0\" jsaction=\"WFrRFb;keydown:uYT2Vb\">\n<div class=\"PD5Ecc\"><span class=\"wIUDqe z1asCe SaPW2b\" style=\"height:20px;line-height:20px;width:20px\"><svg focusable=\"false\" xmlns=\"http:\/\/www.w3.org\/2000\/svg\" viewBox=\"0 0 24 24\"><path d=\"M12 8c1.1 0 2-.9 2-2s-.9-2-2-2-2 .9-2 2 .9 2 2 2zm0 2c-1.1 0-2 .9-2 2s.9 2 2 2 2-.9 2-2-.9-2-2-2zm0 6c-1.1 0-2 .9-2 2s.9 2 2 2 2-.9 2-2-.9-2-2-2z\"><\/path><\/svg><\/span><\/div>\n<\/div>\n<div jsname=\"V68bde\" class=\"EwsJzb sAKBe B8Kd8d\" style=\"display:none;z-index:1\" jsowner=\"ow588\"><g-menu jsname=\"iXXGtd\" class=\"e7RZX gLSAk rShyOb\" jscontroller=\"WlNQGd\" role=\"menu\" tabindex=\"-1\" jsaction=\"PSl28c;focus:h06R8;keydown:uYT2Vb;mouseenter:WOQqYb;mouseleave:Tx5Rb;mouseover:IgJl9c\"><g-menu-item jsname=\"NNJLud\" class=\"bOUZqe ErsxPb\" jscontroller=\"CnSW2d\" role=\"none\" data-short-label=\"\" jsdata=\"zPXzie;_;BDqSew\" aria-checked=\"false\"><\/p>\n<div jsname=\"ibnC6b\" class=\"znKVS OSrXXb\" role=\"none\"><kno-share-button><\/p>\n<div jscontroller=\"hNgi2d\" data-dst=\"\" data-dsu=\"https:\/\/www.google.com\/maps\/reviews\/data=!4m8!14m7!1m6!2m5!1sChZDSUhNMG9nS0VJQ0FnSUM2Z1AtOGJREAE!2m1!1s0x0:0x860054c6a64b5cdc!3m1!1s2@1:CIHM0ogKEICAgIC6gP-8bQ%7CCgwIzvWiiQYQgPnJ8AE%7C?hl=fr\" data-shortu=\"\" jsdata=\"jRAHmf;_;BDqSf0\" jsshadow=\"\" jsaction=\"rcuQ6b:npT2md;RNDhHe\" data-ved=\"2ahUKEwiRyJez4ev6AhUZNxoKHb-PDr4QrcsEegUIARCDAQ\"><span class=\"RKPg2c\" role=\"button\" tabindex=\"0\" aria-label=\"Partager\" jsslot=\"\"><span>Partager l&rsquo;avis<\/span><\/span><\/p>\n<div jsname=\"VmIB2b\" style=\"display:none\" jscontroller=\"BQ75sb\" jsaction=\"rcuQ6b:npT2md;SJu0Rc:ohItwd;AVrwU:rw3lif\" data-ved=\"2ahUKEwiRyJez4ev6AhUZNxoKHb-PDr4Q2poBegUIARCEAQ\"><g-dialog jsname=\"Sx9Kwc\" jscontroller=\"VEbNoe\" data-id=\"_-qVPY5HjL5nuaL-fuvAL_6\" jsaction=\"jxvro:Imgh9b\" jsdata=\"gctHtc;_;BDqSe4\" jsshadow=\"\" id=\"ow593\" __is_owner=\"true\"><\/p>\n<div jsname=\"XKSfm\" id=\"_-qVPY5HjL5nuaL-fuvAL_6\" jsaction=\"dBhwS:TvD9Pc;mLt3mc\" jsowner=\"ow593\">\n<div jsname=\"bF1uUb\" class=\"t7xA6 qW28Ef\"><\/div>\n<div class=\"bErdLd hFCnyd wwYr3\" jsaction=\"trigger.dBhwS\">\n<div class=\"ls8Qne\" aria-hidden=\"true\" role=\"button\" tabindex=\"0\" jsaction=\"focus:sT2f3e\"><\/div>\n<p><span jsslot=\"\" jsaction=\"mLt3mc\"><\/p>\n<div class=\"NJfJb TUOsUe Sr5CLc\" role=\"dialog\">\n<div class=\"z1tAqf\" aria-label=\"Partager une alerte SOS\" role=\"dialog\"><span jsname=\"tqp7ud\" class=\"igveic z1asCe wuXmqc\" aria-label=\"Fermer\" role=\"button\" tabindex=\"0\" jsaction=\"trigger.AVrwU\" data-ved=\"2ahUKEwiRyJez4ev6AhUZNxoKHb-PDr4Q3JoBegUIARCGAQ\"><svg focusable=\"false\" xmlns=\"http:\/\/www.w3.org\/2000\/svg\" viewBox=\"0 0 24 24\"><path d=\"M19 6.41L17.59 5 12 10.59 6.41 5 5 6.41 10.59 12 5 17.59 6.41 19 12 13.41 17.59 19 19 17.59 13.41 12z\"><\/path><\/svg><\/span><\/p>\n<div jsname=\"DXKOne\" jscontroller=\"l0ekjd\" jsdata=\"SxWg3;_;BDqSf4\" jsaction=\"rcuQ6b:npT2md\">\n<div class=\"QfVUWc\">Partager<\/div>\n<div jsname=\"RgELLe\" class=\"RFakDf wHYlTd CJHX3e Wt5Tfe\" role=\"link\" tabindex=\"0\" jsaction=\"rT2OA\" data-ved=\"2ahUKEwiRyJez4ev6AhUZNxoKHb-PDr4Q3ZoBegUIARCHAQ\">\n<div class=\"q4JPWe\"><img class=\"zR8Jhb\" data-src=\"https:\/\/www.gstatic.com\/kpui\/social\/fb_32x32.png\" alt=\"\" height=\"24\" width=\"24\"><\/div>\n<p>Facebook<\/p><\/div>\n<div jsname=\"P8lkFb\" class=\"RFakDf wHYlTd CJHX3e Wt5Tfe\" role=\"link\" tabindex=\"0\" jsaction=\"re2RZb\" data-ved=\"2ahUKEwiRyJez4ev6AhUZNxoKHb-PDr4Q3poBegUIARCIAQ\">\n<div class=\"q4JPWe\"><img class=\"zR8Jhb\" data-src=\"https:\/\/www.gstatic.com\/kpui\/social\/twitter_32x32.png\" alt=\"\" height=\"24\" width=\"24\"><\/div>\n<p>Twitter<\/p><\/div>\n<p><a jsname=\"bVp1N\" class=\"RFakDf VnFiNc wHYlTd CJHX3e Wt5Tfe\" data-ved=\"2ahUKEwiRyJez4ev6AhUZNxoKHb-PDr4Q4JoBegUIARCJAQ\" href=\"mailto:?body=https%3A%2F%2Fwww.google.com%2Fmaps%2Freviews%2Fdata%3D!4m8!14m7!1m6!2m5!1sChZDSUhNMG9nS0VJQ0FnSUM2Z1AtOGJREAE!2m1!1s0x0%3A0x860054c6a64b5cdc!3m1!1s2%401%3ACIHM0ogKEICAgIC6gP-8bQ%257CCgwIzvWiiQYQgPnJ8AE%257C%3Fhl%3Dfr\"><\/p>\n<div class=\"q4JPWe\"><img class=\"zR8Jhb\" data-src=\"https:\/\/www.gstatic.com\/images\/icons\/material\/system\/1x\/alternate_email_grey600_24dp.png\" alt=\"\" height=\"24\" width=\"24\"><\/div>\n<p><span class=\"xycK6b\">E-mail<\/span><\/a><\/p>\n<div jsname=\"rTZwQe\">\n<div jsname=\"uu7Hed\">\n<div class=\"qLSgUb iDdEjd\" role=\"button\" tabindex=\"0\" jsaction=\"aiBUrb\">Cliquez pour copier le lien<\/div>\n<\/div>\n<div jsname=\"axr9cd\">\n<div class=\"qLSgUb iDdEjd\" role=\"button\" tabindex=\"0\" jsaction=\"aiBUrb\">Partager le lien<\/div>\n<\/div>\n<\/div>\n<div jsname=\"pAZ6Ed\" class=\"qLSgUb\" aria-live=\"polite\">Lien copi\u00e9<\/div>\n<div jsaction=\"aiBUrb\"><g-text-field jsname=\"YyfQ8b\" style=\"margin:0px\" jscontroller=\"LiBxPe\" class=\"rysuG LXtP0 Pqkn2e K56Jue\" jsshadow=\"\" jsaction=\"rcuQ6b:npT2md\"><\/p>\n<div class=\"kp85vc\">\n<div><input class=\"ZXb90b OhScic Wt5Tfe TkZZsf gu97Ie\" jsaction=\"focus:daRB0b;blur:kDTLMd\" aria-label=\"Partager le lien\" readonly=\"\" type=\"url\" data-ved=\"2ahUKEwiRyJez4ev6AhUZNxoKHb-PDr4Q3ZsBegUIARCLAQ\"><\/div>\n<\/div>\n<div jsname=\"NowJzb\" class=\"xqPsfb\"><\/div>\n<p><\/g-text-field><\/div>\n<div jsname=\"tQ9n1c\" class=\"Hvyrfc\" aria-hidden=\"true\"><\/div>\n<\/div>\n<\/div>\n<\/div>\n<p><\/span><\/p>\n<div class=\"ls8Qne\" aria-hidden=\"true\" role=\"button\" tabindex=\"0\" jsaction=\"focus:tuePCd\"><\/div>\n<\/div>\n<\/div>\n<p><\/g-dialog><\/div>\n<div jsname=\"QtcAJc\" style=\"display:none\" data-ved=\"2ahUKEwiRyJez4ev6AhUZNxoKHb-PDr4Qhc0CegUIARCMAQ\"><\/div>\n<\/div>\n<p><\/kno-share-button><\/div>\n<p><\/g-menu-item><g-menu-item jsname=\"NNJLud\" class=\"bOUZqe ErsxPb\" jscontroller=\"CnSW2d\" role=\"none\" data-short-label=\"\" jsdata=\"zPXzie;_;BDqSew\" aria-checked=\"false\"><\/p>\n<div jsname=\"ibnC6b\" class=\"znKVS OSrXXb\" role=\"none\"><a class=\"RvU3D\" href=\"https:\/\/www.google.com\/local\/review\/rap\/report?postId=ChZDSUhNMG9nS0VJQ0FnSUM2Z1AtOGJREAE&amp;entityid=ChZDSUhNMG9nS0VJQ0FnSUM2Z1AtOGJREi4KF0NJSE0wb2dLRUlDQWdJQzZnUC04N1FFEhNDZ3dJenZXaWlRWVFnUG5KOEFFGi0KFkNJSE0wb2dLRUlDQWdJQzZnUC04SFESE0Nnd0l6dldpaVFZUWdQbko4QUUiEglpSYO4hlFRDRHcXEumxlQAhioTQ2d3SXp2V2lpUVlRZ1BuSjhBRQ&amp;wv=1&amp;d=286732336\" role=\"menuitem\" tabindex=\"0\" target=\"_blank\" rel=\"noopener\">Signaler l&rsquo;avis<\/a><\/div>\n<p><\/g-menu-item><\/g-menu><\/div>\n<p><\/g-popup><\/g-dropdown-menu>[\/et_pb_text][\/et_pb_column][\/et_pb_row][et_pb_row _builder_version=\u00a0\u00bb4.9.4&Prime; _module_preset=\u00a0\u00bbdefault\u00a0\u00bb][et_pb_column type=\u00a0\u00bb4_4&Prime; _builder_version=\u00a0\u00bb4.9.4&Prime; _module_preset=\u00a0\u00bbdefault\u00a0\u00bb][et_pb_button button_url=\u00a0\u00bbhttps:\/\/www.institutaromebeaute.fr\/customerPost\u00a0\u00bb url_new_window=\u00a0\u00bbon\u00a0\u00bb button_text=\u00a0\u00bbDONNER VOTRE AVIS\u00a0\u00bb button_alignment=\u00a0\u00bbcenter\u00a0\u00bb _builder_version=\u00a0\u00bb4.9.4&Prime; _module_preset=\u00a0\u00bbdefault\u00a0\u00bb custom_button=\u00a0\u00bbon\u00a0\u00bb button_text_color=\u00a0\u00bb#d5b46d\u00a0\u00bb][\/et_pb_button][\/et_pb_column][\/et_pb_row][\/et_pb_section]<\/p>\n","protected":false},"excerpt":{"rendered":"<p>[et_pb_section fb_built=\u00a0\u00bb1&Prime; _builder_version=\u00a0\u00bb4.9.4&Prime; _module_preset=\u00a0\u00bbdefault\u00a0\u00bb background_image=\u00a0\u00bbhttps:\/\/cfeda.com\/Economiam\/wp-content\/uploads\/2022\/10\/Arome-Beaute\u0301-Institut-de-Beaute\u0301-Tyrosse-10.jpg\u00a0\u00bb background_position=\u00a0\u00bbtop_right\u00a0\u00bb][et_pb_row _builder_version=\u00a0\u00bb4.9.4&Prime; _module_preset=\u00a0\u00bbdefault\u00a0\u00bb min_height=\u00a0\u00bb311px\u00a0\u00bb custom_padding=\u00a0\u00bb||162px|||\u00a0\u00bb][et_pb_column type=\u00a0\u00bb4_4&Prime; _builder_version=\u00a0\u00bb4.9.4&Prime; _module_preset=\u00a0\u00bbdefault\u00a0\u00bb][et_pb_code _builder_version=\u00a0\u00bb4.9.4&Prime; _module_preset=\u00a0\u00bbdefault\u00a0\u00bb][\/et_pb_code][\/et_pb_column][\/et_pb_row][\/et_pb_section][et_pb_section fb_built=\u00a0\u00bb1&Prime; _builder_version=\u00a0\u00bb4.9.4&Prime; _module_preset=\u00a0\u00bbdefault\u00a0\u00bb][et_pb_row _builder_version=\u00a0\u00bb4.9.4&Prime; _module_preset=\u00a0\u00bbdefault\u00a0\u00bb][et_pb_column type=\u00a0\u00bb4_4&Prime; _builder_version=\u00a0\u00bb4.9.4&Prime; _module_preset=\u00a0\u00bbdefault\u00a0\u00bb][et_pb_text _builder_version=\u00a0\u00bb4.9.4&Prime; _module_preset=\u00a0\u00bbdefault\u00a0\u00bb] Livre d&rsquo;or et Avis clients [\/et_pb_text][et_pb_button button_url=\u00a0\u00bbhttps:\/\/www.institutaromebeaute.fr\/customerPost\u00a0\u00bb url_new_window=\u00a0\u00bbon\u00a0\u00bb button_text=\u00a0\u00bbDONNER VOTRE AVIS\u00a0\u00bb button_alignment=\u00a0\u00bbleft\u00a0\u00bb _builder_version=\u00a0\u00bb4.9.4&Prime; _module_preset=\u00a0\u00bbdefault\u00a0\u00bb custom_button=\u00a0\u00bbon\u00a0\u00bb button_text_color=\u00a0\u00bb#d5b46d\u00a0\u00bb][\/et_pb_button][et_pb_testimonial author=\u00a0\u00bbLaussu Christelle\u00a0\u00bb job_title=\u00a0\u00bb\u2b50\ufe0f\u2b50\ufe0f\u2b50\ufe0f\u2b50\ufe0f\u2b50\ufe0f\u00a0\u00bb company_name=\u00a0\u00bb20\/04\/2022&Prime; portrait_url=\u00a0\u00bbdata:image\/svg+xml;base64,PHN2ZyB3aWR0aD0iNTAwIiBoZWlnaHQ9IjUwMCIgdmlld0JveD0iMCAwIDUwMCA1MDAiIHhtbG5zPSJodHRwOi8vd3d3LnczLm9yZy8yMDAwL3N2ZyI+CiAgICA8ZyBmaWxsPSJub25lIiBmaWxsLXJ1bGU9ImV2ZW5vZGQiPgogICAgICAgIDxwYXRoIGZpbGw9IiNFQkVCRUIiIGQ9Ik0wIDBoNTAwdjUwMEgweiIvPgogICAgICAgIDxyZWN0IGZpbGwtb3BhY2l0eT0iLjEiIGZpbGw9IiMwMDAiIHg9IjY4IiB5PSIzMDUiIHdpZHRoPSIzNjQiIGhlaWdodD0iNTY4IiByeD0iMTgyIi8+CiAgICAgICAgPGNpcmNsZSBmaWxsLW9wYWNpdHk9Ii4xIiBmaWxsPSIjMDAwIiBjeD0iMjQ5IiBjeT0iMTcyIiByPSIxMDAiLz4KICAgIDwvZz4KPC9zdmc+Cg==\u00a0\u00bb _builder_version=\u00a0\u00bb4.9.4&Prime; _module_preset=\u00a0\u00bbdefault\u00a0\u00bb animation_style=\u00a0\u00bbfade\u00a0\u00bb] Que du bonheur Si vous recherchez [&hellip;]<\/p>\n","protected":false},"author":1,"featured_media":0,"parent":0,"menu_order":0,"comment_status":"closed","ping_status":"closed","template":"","meta":{"_et_pb_use_builder":"on","_et_pb_old_content":"","_et_gb_content_width":"","footnotes":""},"class_list":["post-169","page","type-page","status-publish","hentry"],"_links":{"self":[{"href":"https:\/\/cfeda.com\/Economiam\/wp-json\/wp\/v2\/pages\/169","targetHints":{"allow":["GET"]}}],"collection":[{"href":"https:\/\/cfeda.com\/Economiam\/wp-json\/wp\/v2\/pages"}],"about":[{"href":"https:\/\/cfeda.com\/Economiam\/wp-json\/wp\/v2\/types\/page"}],"author":[{"embeddable":true,"href":"https:\/\/cfeda.com\/Economiam\/wp-json\/wp\/v2\/users\/1"}],"replies":[{"embeddable":true,"href":"https:\/\/cfeda.com\/Economiam\/wp-json\/wp\/v2\/comments?post=169"}],"version-history":[{"count":8,"href":"https:\/\/cfeda.com\/Economiam\/wp-json\/wp\/v2\/pages\/169\/revisions"}],"predecessor-version":[{"id":373,"href":"https:\/\/cfeda.com\/Economiam\/wp-json\/wp\/v2\/pages\/169\/revisions\/373"}],"wp:attachment":[{"href":"https:\/\/cfeda.com\/Economiam\/wp-json\/wp\/v2\/media?parent=169"}],"curies":[{"name":"wp","href":"https:\/\/api.w.org\/{rel}","templated":true}]}}