{"id":1073,"date":"2025-04-03T13:20:35","date_gmt":"2025-04-03T11:20:35","guid":{"rendered":"https:\/\/cfeda.com\/Biostudio\/?page_id=1073"},"modified":"2025-04-03T13:21:11","modified_gmt":"2025-04-03T11:21:11","slug":"conditions-generales-de-vente-biostudio","status":"publish","type":"page","link":"https:\/\/cfeda.com\/Biostudio\/conditions-generales-de-vente-biostudio\/","title":{"rendered":"Conditions G\u00e9n\u00e9rales de Vente \u2013 BioStudio"},"content":{"rendered":"\n<p><strong>Derni\u00e8re mise \u00e0 jour : 01\/04\/2025<\/strong><\/p>\n\n\n\n<p>Les pr\u00e9sentes conditions g\u00e9n\u00e9rales de vente (ci-apr\u00e8s \u00ab\u00a0CGV\u00a0\u00bb) s\u2019appliquent \u00e0 toutes les commandes pass\u00e9es sur le site Internet <strong><a class=\"\" href=\"https:\/\/biostudio.fr\">https:\/\/biostudio.fr<\/a><\/strong>, exploit\u00e9 par <strong>BioStudio<\/strong>, situ\u00e9 au <strong>136 rue d\u2019Auxonne, 21000 Dijon<\/strong>.<\/p>\n\n\n\n<hr class=\"wp-block-separator has-alpha-channel-opacity\"\/>\n\n\n\n<h3 class=\"wp-block-heading\">1. Objet<\/h3>\n\n\n\n<p>Les pr\u00e9sentes CGV ont pour objet de d\u00e9finir les modalit\u00e9s de r\u00e9servation en ligne de prestations de soins esth\u00e9tiques et d\u2019achat de cartes cadeaux propos\u00e9es par l\u2019institut BioStudio.<\/p>\n\n\n\n<hr class=\"wp-block-separator has-alpha-channel-opacity\"\/>\n\n\n\n<h3 class=\"wp-block-heading\">2. Prestations propos\u00e9es<\/h3>\n\n\n\n<p>BioStudio propose :<\/p>\n\n\n\n<ul class=\"wp-block-list\">\n<li>Des soins esth\u00e9tiques et de bien-\u00eatre r\u00e9alis\u00e9s en institut<\/li>\n\n\n\n<li>La r\u00e9servation en ligne de rendez-vous via la plateforme d\u00e9di\u00e9e<\/li>\n\n\n\n<li>L\u2019achat de cartes cadeaux \u00e0 offrir, valables exclusivement dans notre institut<\/li>\n<\/ul>\n\n\n\n<hr class=\"wp-block-separator has-alpha-channel-opacity\"\/>\n\n\n\n<h3 class=\"wp-block-heading\">3. R\u00e9servation de rendez-vous<\/h3>\n\n\n\n<p>Les rendez-vous peuvent \u00eatre r\u00e9serv\u00e9s directement sur le site <strong><a class=\"\" href=\"https:\/\/biostudio.fr\">https:\/\/biostudio.fr<\/a><\/strong>. Une confirmation est envoy\u00e9e par email d\u00e8s validation de la r\u00e9servation.<\/p>\n\n\n\n<h4 class=\"wp-block-heading\">Acompte :<\/h4>\n\n\n\n<p>Lors de la r\u00e9servation, un <strong>acompte<\/strong> est demand\u00e9 pour garantir le cr\u00e9neau. Cet acompte est <strong>d\u00e9duit du montant total le jour du soin<\/strong>.<\/p>\n\n\n\n<h4 class=\"wp-block-heading\">Modification \/ Annulation :<\/h4>\n\n\n\n<p>Toute annulation ou modification doit \u00eatre effectu\u00e9e <strong>au minimum 48 heures avant le rendez-vous<\/strong>. Pass\u00e9 ce d\u00e9lai, <strong>l\u2019acompte est conserv\u00e9<\/strong> et ne pourra pas \u00eatre r\u00e9utilis\u00e9 ou rembours\u00e9.<\/p>\n\n\n\n<hr class=\"wp-block-separator has-alpha-channel-opacity\"\/>\n\n\n\n<h3 class=\"wp-block-heading\">4. Cartes cadeaux<\/h3>\n\n\n\n<p>Les cartes cadeaux sont disponibles \u00e0 l\u2019achat en ligne sur notre site.<br>Elles sont :<\/p>\n\n\n\n<ul class=\"wp-block-list\">\n<li><strong>Nominatives ou non<\/strong><\/li>\n\n\n\n<li><strong>Valables 12 mois<\/strong> \u00e0 compter de la date d\u2019achat<\/li>\n\n\n\n<li><strong>Non remboursables<\/strong>, m\u00eame partiellement<\/li>\n\n\n\n<li><strong>Utilisables uniquement \u00e0 l\u2019institut BioStudio<\/strong><\/li>\n<\/ul>\n\n\n\n<p>En cas de perte ou de vol, BioStudio ne pourra \u00eatre tenu responsable ni effectuer de remplacement.<\/p>\n\n\n\n<hr class=\"wp-block-separator has-alpha-channel-opacity\"\/>\n\n\n\n<h3 class=\"wp-block-heading\">5. Tarifs<\/h3>\n\n\n\n<p>Les prix sont indiqu\u00e9s en euros toutes taxes comprises (TTC). BioStudio se r\u00e9serve le droit de modifier ses tarifs \u00e0 tout moment. Le prix factur\u00e9 est celui en vigueur au moment de la commande.<\/p>\n\n\n\n<hr class=\"wp-block-separator has-alpha-channel-opacity\"\/>\n\n\n\n<h3 class=\"wp-block-heading\">6. Paiement<\/h3>\n\n\n\n<p>Le paiement des acomptes et des cartes cadeaux s\u2019effectue en ligne via une plateforme s\u00e9curis\u00e9e. Le r\u00e8glement sur place s\u2019effectue par carte bancaire, esp\u00e8ces ou ch\u00e8ques sous conditions.<\/p>\n\n\n\n<hr class=\"wp-block-separator has-alpha-channel-opacity\"\/>\n\n\n\n<h3 class=\"wp-block-heading\">7. Droit de r\u00e9tractation<\/h3>\n\n\n\n<p>Conform\u00e9ment \u00e0 l\u2019article L221-28 du Code de la consommation, le droit de r\u00e9tractation ne s\u2019applique <strong>pas aux prestations de services<\/strong> fournies \u00e0 une date ou selon une p\u00e9riodicit\u00e9 d\u00e9termin\u00e9e, ni \u00e0 la <strong>fourniture de cartes cadeaux<\/strong> personnalis\u00e9es.<\/p>\n\n\n\n<hr class=\"wp-block-separator has-alpha-channel-opacity\"\/>\n\n\n\n<h3 class=\"wp-block-heading\">8. Responsabilit\u00e9<\/h3>\n\n\n\n<p>BioStudio ne saurait \u00eatre tenu responsable de tout dommage indirect li\u00e9 \u00e0 l\u2019utilisation du site ou \u00e0 l\u2019impossibilit\u00e9 d\u2019acc\u00e8s, notamment en cas de maintenance ou de panne technique.<\/p>\n\n\n\n<hr class=\"wp-block-separator has-alpha-channel-opacity\"\/>\n\n\n\n<h3 class=\"wp-block-heading\">9. Donn\u00e9es personnelles<\/h3>\n\n\n\n<p>Les donn\u00e9es personnelles collect\u00e9es lors de la r\u00e9servation ou de l\u2019achat sont utilis\u00e9es uniquement dans le cadre de la relation client. Elles sont conserv\u00e9es de mani\u00e8re s\u00e9curis\u00e9e et ne sont jamais transmises \u00e0 des tiers sans consentement.<\/p>\n\n\n\n<hr class=\"wp-block-separator has-alpha-channel-opacity\"\/>\n\n\n\n<h3 class=\"wp-block-heading\">10. Litiges<\/h3>\n\n\n\n<p>En cas de litige, le client est invit\u00e9 \u00e0 contacter BioStudio pour une r\u00e9solution amiable. \u00c0 d\u00e9faut d\u2019accord, tout diff\u00e9rend sera port\u00e9 devant les tribunaux comp\u00e9tents de <strong>Dijon<\/strong>, dans le respect du droit fran\u00e7ais.<\/p>\n\n\n\n<hr class=\"wp-block-separator has-alpha-channel-opacity\"\/>\n\n\n\n<h3 class=\"wp-block-heading\">Contact<\/h3>\n\n\n\n<p><strong>BioStudio<\/strong><br>136 rue d\u2019Auxonne<br>21000 Dijon<br>\ud83d\udce7 <a class=\"\">contact@biostudio.fr<\/a><br>\ud83c\udf10 <a class=\"\" href=\"https:\/\/biostudio.fr\">https:\/\/biostudio.fr<\/a><\/p>\n","protected":false},"excerpt":{"rendered":"<p>Derni\u00e8re mise \u00e0 jour : 01\/04\/2025 Les pr\u00e9sentes conditions g\u00e9n\u00e9rales de vente (ci-apr\u00e8s \u00ab\u00a0CGV\u00a0\u00bb) s\u2019appliquent \u00e0 toutes les commandes pass\u00e9es sur le site Internet https:\/\/biostudio.fr, exploit\u00e9 par BioStudio, situ\u00e9 au 136 rue d\u2019Auxonne, 21000 Dijon. 1. Objet Les pr\u00e9sentes CGV ont pour objet de d\u00e9finir les modalit\u00e9s de r\u00e9servation en ligne de prestations de soins [&hellip;]<\/p>\n","protected":false},"author":1,"featured_media":0,"parent":0,"menu_order":0,"comment_status":"closed","ping_status":"closed","template":"","meta":{"_et_pb_use_builder":"off","_et_pb_old_content":"","_et_gb_content_width":"","footnotes":""},"class_list":["post-1073","page","type-page","status-publish","hentry"],"_links":{"self":[{"href":"https:\/\/cfeda.com\/Biostudio\/wp-json\/wp\/v2\/pages\/1073","targetHints":{"allow":["GET"]}}],"collection":[{"href":"https:\/\/cfeda.com\/Biostudio\/wp-json\/wp\/v2\/pages"}],"about":[{"href":"https:\/\/cfeda.com\/Biostudio\/wp-json\/wp\/v2\/types\/page"}],"author":[{"embeddable":true,"href":"https:\/\/cfeda.com\/Biostudio\/wp-json\/wp\/v2\/users\/1"}],"replies":[{"embeddable":true,"href":"https:\/\/cfeda.com\/Biostudio\/wp-json\/wp\/v2\/comments?post=1073"}],"version-history":[{"count":2,"href":"https:\/\/cfeda.com\/Biostudio\/wp-json\/wp\/v2\/pages\/1073\/revisions"}],"predecessor-version":[{"id":1076,"href":"https:\/\/cfeda.com\/Biostudio\/wp-json\/wp\/v2\/pages\/1073\/revisions\/1076"}],"wp:attachment":[{"href":"https:\/\/cfeda.com\/Biostudio\/wp-json\/wp\/v2\/media?parent=1073"}],"curies":[{"name":"wp","href":"https:\/\/api.w.org\/{rel}","templated":true}]}}